{"id":792,"date":"2016-01-26T11:09:05","date_gmt":"2016-01-26T09:09:05","guid":{"rendered":"http:\/\/devpra.ruissalosaatio.com\/?page_id=792&#038;lang=en"},"modified":"2026-02-11T16:45:17","modified_gmt":"2026-02-11T14:45:17","slug":"about-ruissalo-foundation","status":"publish","type":"page","link":"https:\/\/www.ruissalosaatio.fi\/en\/about-ruissalo-foundation\/","title":{"rendered":"About Ruissalo Foundation"},"content":{"rendered":"\n<style type=\"text\/css\" data-created_by=\"avia_inline_auto\" id=\"style-css-av-2b3tuw-6f317160fd99d75ee84deddbf5c97ab9\">\n.avia-section.av-2b3tuw-6f317160fd99d75ee84deddbf5c97ab9 .av-parallax .av-parallax-inner{\nbackground-repeat:no-repeat;\nbackground-image:url(https:\/\/www.ruissalosaatio.fi\/wp-content\/uploads\/2016\/01\/kanalinranta4-1500x630.jpg);\nbackground-position:50% 50%;\nbackground-attachment:scroll;\n}\n.avia-section.av-2b3tuw-6f317160fd99d75ee84deddbf5c97ab9 .av-section-color-overlay{\nopacity:0.2;\nbackground-color:#000000;\n}\n<\/style>\n<div id='av_section_1'  class='avia-section av-2b3tuw-6f317160fd99d75ee84deddbf5c97ab9 main_color avia-section-large avia-no-shadow  avia-builder-el-0  el_before_av_one_full  avia-builder-el-first  avia-full-stretch av-parallax-section avia-bg-style-parallax av-section-color-overlay-active container_wrap sidebar_right'  data-section-bg-repeat='stretch'><div class='av-parallax' data-avia-parallax-ratio='0.3' ><div class='av-parallax-inner main_color avia-full-stretch'><\/div><\/div><div class=\"av-section-color-overlay-wrap\"><div class=\"av-section-color-overlay\"><\/div><div class='container av-section-cont-open' ><main  role=\"main\" itemprop=\"mainContentOfPage\"  class='template-page content  av-content-small alpha units'><div class='post-entry post-entry-type-page post-entry-792'><div class='entry-content-wrapper clearfix'>\n\n<style type=\"text\/css\" data-created_by=\"avia_inline_auto\" id=\"style-css-av-7ql5s-693cec8f6aca4b27c7decb9178177a3f\">\n#top .av-special-heading.av-7ql5s-693cec8f6aca4b27c7decb9178177a3f{\npadding-bottom:0;\ncolor:#ffffff;\nfont-size:50px;\n}\nbody .av-special-heading.av-7ql5s-693cec8f6aca4b27c7decb9178177a3f .av-special-heading-tag .heading-char{\nfont-size:25px;\n}\n#top #wrap_all .av-special-heading.av-7ql5s-693cec8f6aca4b27c7decb9178177a3f .av-special-heading-tag{\nfont-size:50px;\n}\n.av-special-heading.av-7ql5s-693cec8f6aca4b27c7decb9178177a3f .special-heading-inner-border{\nborder-color:#ffffff;\n}\n.av-special-heading.av-7ql5s-693cec8f6aca4b27c7decb9178177a3f .av-subheading{\nfont-size:15px;\n}\n\n@media only screen and (min-width: 480px) and (max-width: 767px){ \n#top #wrap_all .av-special-heading.av-7ql5s-693cec8f6aca4b27c7decb9178177a3f .av-special-heading-tag{\nfont-size:0.8em;\n}\n}\n\n@media only screen and (max-width: 479px){ \n#top #wrap_all .av-special-heading.av-7ql5s-693cec8f6aca4b27c7decb9178177a3f .av-special-heading-tag{\nfont-size:0.8em;\n}\n}\n<\/style>\n<div  class='av-special-heading av-7ql5s-693cec8f6aca4b27c7decb9178177a3f av-special-heading-h1 custom-color-heading blockquote modern-quote modern-centered  avia-builder-el-1  el_before_av_hr  avia-builder-el-first  av-inherit-size'><h1 class='av-special-heading-tag '  itemprop=\"headline\"  >About Ruissalo Foundation<\/h1><div class=\"special-heading-border\"><div class=\"special-heading-inner-border\"><\/div><\/div><\/div>\n\n<style type=\"text\/css\" data-created_by=\"avia_inline_auto\" id=\"style-css-av-o67k-d0c3e4553f3ade25ab8e43c9c97bb44c\">\n#top .hr.av-o67k-d0c3e4553f3ade25ab8e43c9c97bb44c{\nmargin-top:30px;\nmargin-bottom:30px;\n}\n.hr.av-o67k-d0c3e4553f3ade25ab8e43c9c97bb44c .hr-inner{\nwidth:20%;\nborder-color:rgba(255,255,255,0.76);\nmax-width:45%;\n}\n.hr.av-o67k-d0c3e4553f3ade25ab8e43c9c97bb44c .av-seperator-icon{\ncolor:#ffffff;\n}\n.hr.av-o67k-d0c3e4553f3ade25ab8e43c9c97bb44c .av-seperator-icon.avia-svg-icon svg:first-child{\nfill:#ffffff;\nstroke:#ffffff;\n}\n<\/style>\n<div  class='hr av-o67k-d0c3e4553f3ade25ab8e43c9c97bb44c hr-custom  avia-builder-el-2  el_after_av_heading  avia-builder-el-last  hr-center hr-icon-yes'><span class='hr-inner inner-border-av-border-thin'><span class=\"hr-inner-style\"><\/span><\/span><span class='av-seperator-icon avia-iconfont avia-font-entypo-fontello' data-av_icon='\ue8bf' data-av_iconfont='entypo-fontello' ><\/span><span class='hr-inner inner-border-av-border-thin'><span class=\"hr-inner-style\"><\/span><\/span><\/div>\n<\/div><\/div><\/main><!-- close content main element --><\/div><\/div><\/div><div id='after_section_1'  class='main_color av_default_container_wrap container_wrap sidebar_right'  ><div class='container av-section-cont-open' ><div class='template-page content  av-content-small alpha units'><div class='post-entry post-entry-type-page post-entry-792'><div class='entry-content-wrapper clearfix'>\n<div class='flex_column_table av-1sduqo-b083e20c379b2ed3aa6f30f67fa30e58 sc-av_one_full av-equal-height-column-flextable'>\n<style type=\"text\/css\" data-created_by=\"avia_inline_auto\" id=\"style-css-av-1sduqo-b083e20c379b2ed3aa6f30f67fa30e58\">\n#top .flex_column_table.av-equal-height-column-flextable.av-1sduqo-b083e20c379b2ed3aa6f30f67fa30e58{\nmargin-top:0px;\nmargin-bottom:0px;\n}\n.flex_column.av-1sduqo-b083e20c379b2ed3aa6f30f67fa30e58{\nborder-radius:0px 0px 0px 0px;\npadding:30px 30px 30px 30px;\nbackground-color:#f0f0f0;\n}\n<\/style>\n<div  class='flex_column av-1sduqo-b083e20c379b2ed3aa6f30f67fa30e58 av_one_full  avia-builder-el-3  el_after_av_section  el_before_av_one_half  avia-builder-el-first  first no_margin flex_column_table_cell av-equal-height-column av-align-top  '     ><section  class='av_textblock_section av-jgxj7qio-a8c903f3286d026694031396fc6a0225 '   itemscope=\"itemscope\" itemtype=\"https:\/\/schema.org\/CreativeWork\" ><div class='avia_textblock av_inherit_color'  itemprop=\"text\" ><h4 style=\"text-align: center;\">Ruissalo Foundation \u2013 Housing and Residential Senior Care Services<\/h4>\n<\/div><\/section><br \/>\n<div  class='avia-slideshow av-1mekqo-12a2b3181224b904a292226acf0ea0fb avia-slideshow-featured_large av_slideshow avia-fade-slider  avia-builder-el-5  el_after_av_textblock  avia-builder-el-last  av-slideshow-ui av-slideshow-autoplay av-loop-endless av-loop-manual-endless av-default-height-applied avia-slideshow-1' data-slideshow-options=\"{&quot;animation&quot;:&quot;fade&quot;,&quot;autoplay&quot;:true,&quot;loop_autoplay&quot;:&quot;endless&quot;,&quot;interval&quot;:5,&quot;loop_manual&quot;:&quot;manual-endless&quot;,&quot;autoplay_stopper&quot;:false,&quot;noNavigation&quot;:false,&quot;bg_slider&quot;:false,&quot;keep_padding&quot;:false,&quot;hoverpause&quot;:false,&quot;show_slide_delay&quot;:0}\"  itemprop=\"image\" itemscope=\"itemscope\" itemtype=\"https:\/\/schema.org\/ImageObject\" ><ul class='avia-slideshow-inner ' style='padding-bottom: 42%;'><li  class='avia-slideshow-slide av-1mekqo-12a2b3181224b904a292226acf0ea0fb__0  slide-1 slide-odd'><div data-rel='slideshow-1' class='avia-slide-wrap '   ><img decoding=\"async\" fetchpriority=\"high\" class=\"wp-image-1334 avia-img-lazy-loading-not-1334\"  src=\"https:\/\/www.ruissalosaatio.fi\/wp-content\/uploads\/2016\/01\/maalari-1500x630.jpg\" width=\"1500\" height=\"630\" title='maalari' alt=''  itemprop=\"thumbnailUrl\"   \/><\/div><\/li><li  class='avia-slideshow-slide av-1mekqo-12a2b3181224b904a292226acf0ea0fb__1  slide-2 slide-even'><div data-rel='slideshow-1' class='avia-slide-wrap '   ><img decoding=\"async\" fetchpriority=\"high\" class=\"wp-image-1336 avia-img-lazy-loading-not-1336\"  src=\"https:\/\/www.ruissalosaatio.fi\/wp-content\/uploads\/2016\/01\/munkkiniemi-dosentinrinne2-1-1500x630.jpg\" width=\"1500\" height=\"630\" title='munkkiniemi-dosentinrinne2' alt=''  itemprop=\"thumbnailUrl\"   \/><\/div><\/li><li  class='avia-slideshow-slide av-1mekqo-12a2b3181224b904a292226acf0ea0fb__2  slide-3 slide-odd'><div data-rel='slideshow-1' class='avia-slide-wrap '   ><img decoding=\"async\" fetchpriority=\"high\" class=\"wp-image-1335 avia-img-lazy-loading-not-1335\"  src=\"https:\/\/www.ruissalosaatio.fi\/wp-content\/uploads\/2016\/01\/makuuhuone-1500x630.jpg\" width=\"1500\" height=\"630\" title='makuuhuone' alt=''  itemprop=\"thumbnailUrl\"   \/><\/div><\/li><li  class='avia-slideshow-slide av-1mekqo-12a2b3181224b904a292226acf0ea0fb__3  slide-4 slide-even'><div data-rel='slideshow-1' class='avia-slide-wrap '   ><img decoding=\"async\" fetchpriority=\"high\" class=\"wp-image-1332 avia-img-lazy-loading-not-1332\"  src=\"https:\/\/www.ruissalosaatio.fi\/wp-content\/uploads\/2016\/01\/kirjasto-1500x630.jpg\" width=\"1500\" height=\"630\" title='kirjasto' alt=''  itemprop=\"thumbnailUrl\"   \/><\/div><\/li><\/ul><div class='avia-slideshow-arrows avia-slideshow-controls' ><a href='#prev' class='prev-slide  avia-svg-icon avia-font-svg_entypo-fontello' data-av_svg_icon='left-open-big' data-av_iconset='svg_entypo-fontello' tabindex='-1' title=\"Previous\"><svg version=\"1.1\" xmlns=\"http:\/\/www.w3.org\/2000\/svg\" width=\"15\" height=\"32\" viewBox=\"0 0 15 32\" preserveAspectRatio=\"xMidYMid meet\" aria-labelledby='av-svg-title-1' aria-describedby='av-svg-desc-1' role=\"graphics-symbol\" aria-hidden=\"true\">\n<title id='av-svg-title-1'>Previous<\/title>\n<desc id='av-svg-desc-1'>Previous<\/desc>\n<path d=\"M14.464 27.84q0.832 0.832 0 1.536-0.832 0.832-1.536 0l-12.544-12.608q-0.768-0.768 0-1.6l12.544-12.608q0.704-0.832 1.536 0 0.832 0.704 0 1.536l-11.456 11.904z\"><\/path>\n<\/svg><span class='avia_hidden_link_text'>Previous<\/span><\/a><a href='#next' class='next-slide  avia-svg-icon avia-font-svg_entypo-fontello' data-av_svg_icon='right-open-big' data-av_iconset='svg_entypo-fontello' tabindex='-1' title=\"Next\"><svg version=\"1.1\" xmlns=\"http:\/\/www.w3.org\/2000\/svg\" width=\"15\" height=\"32\" viewBox=\"0 0 15 32\" preserveAspectRatio=\"xMidYMid meet\" aria-labelledby='av-svg-title-2' aria-describedby='av-svg-desc-2' role=\"graphics-symbol\" aria-hidden=\"true\">\n<title id='av-svg-title-2'>Next<\/title>\n<desc id='av-svg-desc-2'>Next<\/desc>\n<path d=\"M0.416 27.84l11.456-11.84-11.456-11.904q-0.832-0.832 0-1.536 0.832-0.832 1.536 0l12.544 12.608q0.768 0.832 0 1.6l-12.544 12.608q-0.704 0.832-1.536 0-0.832-0.704 0-1.536z\"><\/path>\n<\/svg><span class='avia_hidden_link_text'>Next<\/span><\/a><\/div><div class='avia-slideshow-dots avia-slideshow-controls'><a href='#1' class='goto-slide active' >1<\/a><a href='#2' class='goto-slide ' >2<\/a><a href='#3' class='goto-slide ' >3<\/a><a href='#4' class='goto-slide ' >4<\/a><\/div><\/div><\/p><\/div><\/div><!--close column table wrapper. Autoclose: 1 -->\n<div class='flex_column_table av-puq0g-aa0399837ca549bb3854d7e55f17f162 sc-av_one_half av-equal-height-column-flextable'>\n<style type=\"text\/css\" data-created_by=\"avia_inline_auto\" id=\"style-css-av-puq0g-aa0399837ca549bb3854d7e55f17f162\">\n.flex_column.av-puq0g-aa0399837ca549bb3854d7e55f17f162{\nborder-radius:0px 0px 0px 0px;\npadding:30px 30px 30px 30px;\nbackground-color:#f0f0f0;\n}\n<\/style>\n<div  class='flex_column av-puq0g-aa0399837ca549bb3854d7e55f17f162 av_one_half  avia-builder-el-6  el_after_av_one_full  el_before_av_one_half  first no_margin flex_column_table_cell av-equal-height-column av-align-top  column-top-margin'     ><section  class='av_textblock_section av-258pc-ceb4dfccae8f29bf474db50a64775f82 '   itemscope=\"itemscope\" itemtype=\"https:\/\/schema.org\/CreativeWork\" ><div class='avia_textblock'  itemprop=\"text\" ><h3>Ruissalo Foundation<\/h3>\n<p><strong>Ruissalo Foundation<\/strong> is a Finnish non-profit organisation founded in 1993. The Foundation was a <strong>pioneer in establishing modern Senior Living in Finland<\/strong> and has since played a long-term role in the <strong>development and renewal of Finnish senior housing and aged care systems<\/strong>.<\/p>\n<p>The Foundation was created to respond to demographic change and the societal challenge of population ageing. Its work is grounded in the public interest and aims to support a sustainable, humane, and inclusive ageing society\u2014where older people are able to live independently for as long as possible, with appropriate support available as needs change.<\/p>\n<p>Ruissalo Foundation develops senior housing and care environments that operate as part of the broader social and healthcare ecosystem. The Foundation works in cooperation with municipalities, public authorities, healthcare providers, and research partners, contributing practical solutions that complement and strengthen public services.<\/p>\n<h3>Senior Living as Part of Social Infrastructure<\/h3>\n<p>Ruissalo Foundation develops and provides <strong>rental-based Senior Serviced Residences<\/strong> designed specifically for older people. These living environments support independent daily life within a safe and supportive framework, where care and medical services are available when required.<\/p>\n<p>A core principle of the Foundation\u2019s model is <strong>choice and self-determination<\/strong>. Residents decide which services they use and how they organise their everyday lives. Professional staff are present or on call around the clock, ensuring safety without compromising autonomy.<\/p>\n<p>From a public-policy perspective, the Foundation\u2019s senior living model integrates:<\/p>\n<ul>\n<li>Purpose-built, accessible housing<\/li>\n<li>Flexible care and support services<\/li>\n<li>Community-based living that reduces unnecessary institutionalisation<\/li>\n<li>Long-term rental solutions aligned with public housing objectives<\/li>\n<\/ul>\n<p>The residential environments are designed to be adaptable, inclusive, and supportive of changing needs. They are located in both urban and nature-adjacent settings, with access to services, transport, culture, and recreation\u2014supporting social participation and active ageing.<\/p>\n<\/div><\/section><\/div>\n\n<style type=\"text\/css\" data-created_by=\"avia_inline_auto\" id=\"style-css-av-eblkg-acbaca64696ced374749d58872288b4a\">\n.flex_column.av-eblkg-acbaca64696ced374749d58872288b4a{\nborder-radius:0px 0px 0px 0px;\npadding:30px 30px 30px 30px;\nbackground-color:#f0f0f0;\n}\n<\/style>\n<div  class='flex_column av-eblkg-acbaca64696ced374749d58872288b4a av_one_half  avia-builder-el-8  el_after_av_one_half  avia-builder-el-last  no_margin flex_column_table_cell av-equal-height-column av-align-top  column-top-margin'     ><section  class='av_textblock_section av-8pjnc-d8e8b623b7c7782ca16bf24600d64b9d '   itemscope=\"itemscope\" itemtype=\"https:\/\/schema.org\/CreativeWork\" ><div class='avia_textblock'  itemprop=\"text\" ><h3>Public\u2013Private Cooperation and Healthcare Development<\/h3>\n<p>In addition to housing, Ruissalo Foundation has contributed to the development of specialised elderly healthcare infrastructure. The Foundation has designed and developed a <strong>geriatric hospital in the City of Turku<\/strong>, implemented as a <strong>Public\u2013Private Partnership (PPP)<\/strong> and operating as part of the public healthcare system.<\/p>\n<p>The hospital was purpose-built for the medical care, rehabilitation, and transitional treatment of elderly patients. It supports recovery, functional ability, and safe transitions back to everyday living, and serves as an example of how<strong> public and non-profit actors can jointly develop tailored healthcare solutions for an ageing population<\/strong>.<\/p>\n<h3>Mission<\/h3>\n<p>Ruissalo Foundation\u2019s mission is to <strong>advance senior housing and care solutions that respect independence, individual choice, and the right to self-determination<\/strong>, while contributing to the long-term sustainability of public care and housing systems.<\/p>\n<h3>Vision and Development Role<\/h3>\n<p>Population ageing is reshaping societies and placing new demands on housing, services, and public policy. Today\u2019s seniors are increasingly informed, diverse, and active in shaping their own lives.<\/p>\n<p>Ruissalo Foundation responds to this change by continuously developing senior living concepts, service models, and care environments that evolve alongside societal needs. The Foundation also supports research on ageing and participates in service and technology development that facilitates everyday life, housing, and wellbeing in later life.<\/p>\n<p>Development, quality improvement, and responsible use of digital solutions are integral to the Foundation\u2019s work, supporting transparency, safety, and coordinated care.<\/p>\n<\/div><\/section><\/div><\/div><!--close column table wrapper. Autoclose: 1 -->\n","protected":false},"excerpt":{"rendered":"","protected":false},"author":2,"featured_media":0,"parent":0,"menu_order":0,"comment_status":"closed","ping_status":"closed","template":"","meta":{"footnotes":""},"class_list":["post-792","page","type-page","status-publish","hentry"],"yoast_head":"<!-- This site is optimized with the Yoast SEO plugin v27.2 - https:\/\/yoast.com\/product\/yoast-seo-wordpress\/ -->\n<title>About Ruissalo Foundation - Ruissalo S\u00e4\u00e4ti\u00f6<\/title>\n<meta name=\"robots\" content=\"index, follow, max-snippet:-1, max-image-preview:large, max-video-preview:-1\" \/>\n<link rel=\"canonical\" href=\"https:\/\/www.ruissalosaatio.fi\/en\/about-ruissalo-foundation\/\" \/>\n<meta property=\"og:locale\" content=\"en_US\" \/>\n<meta property=\"og:type\" content=\"article\" \/>\n<meta property=\"og:title\" content=\"About Ruissalo Foundation - Ruissalo S\u00e4\u00e4ti\u00f6\" \/>\n<meta property=\"og:url\" content=\"https:\/\/www.ruissalosaatio.fi\/en\/about-ruissalo-foundation\/\" \/>\n<meta property=\"og:site_name\" content=\"Ruissalo S\u00e4\u00e4ti\u00f6\" \/>\n<meta property=\"article:modified_time\" content=\"2026-02-11T14:45:17+00:00\" \/>\n<meta name=\"twitter:card\" content=\"summary_large_image\" \/>\n<meta name=\"twitter:label1\" content=\"Est. reading time\" \/>\n\t<meta name=\"twitter:data1\" content=\"5 minutes\" \/>\n<script type=\"application\/ld+json\" class=\"yoast-schema-graph\">{\"@context\":\"https:\/\/schema.org\",\"@graph\":[{\"@type\":\"WebPage\",\"@id\":\"https:\/\/www.ruissalosaatio.fi\/en\/about-ruissalo-foundation\/\",\"url\":\"https:\/\/www.ruissalosaatio.fi\/en\/about-ruissalo-foundation\/\",\"name\":\"About Ruissalo Foundation - Ruissalo S\u00e4\u00e4ti\u00f6\",\"isPartOf\":{\"@id\":\"https:\/\/www.ruissalosaatio.fi\/#website\"},\"datePublished\":\"2016-01-26T09:09:05+00:00\",\"dateModified\":\"2026-02-11T14:45:17+00:00\",\"breadcrumb\":{\"@id\":\"https:\/\/www.ruissalosaatio.fi\/en\/about-ruissalo-foundation\/#breadcrumb\"},\"inLanguage\":\"en-US\",\"potentialAction\":[{\"@type\":\"ReadAction\",\"target\":[\"https:\/\/www.ruissalosaatio.fi\/en\/about-ruissalo-foundation\/\"]}]},{\"@type\":\"BreadcrumbList\",\"@id\":\"https:\/\/www.ruissalosaatio.fi\/en\/about-ruissalo-foundation\/#breadcrumb\",\"itemListElement\":[{\"@type\":\"ListItem\",\"position\":1,\"name\":\"Etusivu\",\"item\":\"https:\/\/www.ruissalosaatio.fi\/en\/\"},{\"@type\":\"ListItem\",\"position\":2,\"name\":\"About Ruissalo Foundation\"}]},{\"@type\":\"WebSite\",\"@id\":\"https:\/\/www.ruissalosaatio.fi\/#website\",\"url\":\"https:\/\/www.ruissalosaatio.fi\/\",\"name\":\"Ruissalo S\u00e4\u00e4ti\u00f6\",\"description\":\"Saga Seniorikeskukset\",\"publisher\":{\"@id\":\"https:\/\/www.ruissalosaatio.fi\/#organization\"},\"potentialAction\":[{\"@type\":\"SearchAction\",\"target\":{\"@type\":\"EntryPoint\",\"urlTemplate\":\"https:\/\/www.ruissalosaatio.fi\/?s={search_term_string}\"},\"query-input\":{\"@type\":\"PropertyValueSpecification\",\"valueRequired\":true,\"valueName\":\"search_term_string\"}}],\"inLanguage\":\"en-US\"},{\"@type\":\"Organization\",\"@id\":\"https:\/\/www.ruissalosaatio.fi\/#organization\",\"name\":\"Ruissalo S\u00e4\u00e4ti\u00f6\",\"url\":\"https:\/\/www.ruissalosaatio.fi\/\",\"logo\":{\"@type\":\"ImageObject\",\"inLanguage\":\"en-US\",\"@id\":\"https:\/\/www.ruissalosaatio.fi\/#\/schema\/logo\/image\/\",\"url\":\"https:\/\/www.ruissalosaatio.fi\/wp-content\/uploads\/2016\/02\/rs_logo.png\",\"contentUrl\":\"https:\/\/www.ruissalosaatio.fi\/wp-content\/uploads\/2016\/02\/rs_logo.png\",\"width\":353,\"height\":156,\"caption\":\"Ruissalo S\u00e4\u00e4ti\u00f6\"},\"image\":{\"@id\":\"https:\/\/www.ruissalosaatio.fi\/#\/schema\/logo\/image\/\"}}]}<\/script>\n<!-- \/ Yoast SEO plugin. -->","yoast_head_json":{"title":"About Ruissalo Foundation - Ruissalo S\u00e4\u00e4ti\u00f6","robots":{"index":"index","follow":"follow","max-snippet":"max-snippet:-1","max-image-preview":"max-image-preview:large","max-video-preview":"max-video-preview:-1"},"canonical":"https:\/\/www.ruissalosaatio.fi\/en\/about-ruissalo-foundation\/","og_locale":"en_US","og_type":"article","og_title":"About Ruissalo Foundation - Ruissalo S\u00e4\u00e4ti\u00f6","og_url":"https:\/\/www.ruissalosaatio.fi\/en\/about-ruissalo-foundation\/","og_site_name":"Ruissalo S\u00e4\u00e4ti\u00f6","article_modified_time":"2026-02-11T14:45:17+00:00","twitter_card":"summary_large_image","twitter_misc":{"Est. reading time":"5 minutes"},"schema":{"@context":"https:\/\/schema.org","@graph":[{"@type":"WebPage","@id":"https:\/\/www.ruissalosaatio.fi\/en\/about-ruissalo-foundation\/","url":"https:\/\/www.ruissalosaatio.fi\/en\/about-ruissalo-foundation\/","name":"About Ruissalo Foundation - Ruissalo S\u00e4\u00e4ti\u00f6","isPartOf":{"@id":"https:\/\/www.ruissalosaatio.fi\/#website"},"datePublished":"2016-01-26T09:09:05+00:00","dateModified":"2026-02-11T14:45:17+00:00","breadcrumb":{"@id":"https:\/\/www.ruissalosaatio.fi\/en\/about-ruissalo-foundation\/#breadcrumb"},"inLanguage":"en-US","potentialAction":[{"@type":"ReadAction","target":["https:\/\/www.ruissalosaatio.fi\/en\/about-ruissalo-foundation\/"]}]},{"@type":"BreadcrumbList","@id":"https:\/\/www.ruissalosaatio.fi\/en\/about-ruissalo-foundation\/#breadcrumb","itemListElement":[{"@type":"ListItem","position":1,"name":"Etusivu","item":"https:\/\/www.ruissalosaatio.fi\/en\/"},{"@type":"ListItem","position":2,"name":"About Ruissalo Foundation"}]},{"@type":"WebSite","@id":"https:\/\/www.ruissalosaatio.fi\/#website","url":"https:\/\/www.ruissalosaatio.fi\/","name":"Ruissalo S\u00e4\u00e4ti\u00f6","description":"Saga Seniorikeskukset","publisher":{"@id":"https:\/\/www.ruissalosaatio.fi\/#organization"},"potentialAction":[{"@type":"SearchAction","target":{"@type":"EntryPoint","urlTemplate":"https:\/\/www.ruissalosaatio.fi\/?s={search_term_string}"},"query-input":{"@type":"PropertyValueSpecification","valueRequired":true,"valueName":"search_term_string"}}],"inLanguage":"en-US"},{"@type":"Organization","@id":"https:\/\/www.ruissalosaatio.fi\/#organization","name":"Ruissalo S\u00e4\u00e4ti\u00f6","url":"https:\/\/www.ruissalosaatio.fi\/","logo":{"@type":"ImageObject","inLanguage":"en-US","@id":"https:\/\/www.ruissalosaatio.fi\/#\/schema\/logo\/image\/","url":"https:\/\/www.ruissalosaatio.fi\/wp-content\/uploads\/2016\/02\/rs_logo.png","contentUrl":"https:\/\/www.ruissalosaatio.fi\/wp-content\/uploads\/2016\/02\/rs_logo.png","width":353,"height":156,"caption":"Ruissalo S\u00e4\u00e4ti\u00f6"},"image":{"@id":"https:\/\/www.ruissalosaatio.fi\/#\/schema\/logo\/image\/"}}]}},"_links":{"self":[{"href":"https:\/\/www.ruissalosaatio.fi\/en\/wp-json\/wp\/v2\/pages\/792","targetHints":{"allow":["GET"]}}],"collection":[{"href":"https:\/\/www.ruissalosaatio.fi\/en\/wp-json\/wp\/v2\/pages"}],"about":[{"href":"https:\/\/www.ruissalosaatio.fi\/en\/wp-json\/wp\/v2\/types\/page"}],"author":[{"embeddable":true,"href":"https:\/\/www.ruissalosaatio.fi\/en\/wp-json\/wp\/v2\/users\/2"}],"replies":[{"embeddable":true,"href":"https:\/\/www.ruissalosaatio.fi\/en\/wp-json\/wp\/v2\/comments?post=792"}],"version-history":[{"count":7,"href":"https:\/\/www.ruissalosaatio.fi\/en\/wp-json\/wp\/v2\/pages\/792\/revisions"}],"predecessor-version":[{"id":2147,"href":"https:\/\/www.ruissalosaatio.fi\/en\/wp-json\/wp\/v2\/pages\/792\/revisions\/2147"}],"wp:attachment":[{"href":"https:\/\/www.ruissalosaatio.fi\/en\/wp-json\/wp\/v2\/media?parent=792"}],"curies":[{"name":"wp","href":"https:\/\/api.w.org\/{rel}","templated":true}]}}