{"id":797,"date":"2016-01-26T11:13:14","date_gmt":"2016-01-26T09:13:14","guid":{"rendered":"http:\/\/devpra.ruissalosaatio.com\/?page_id=797&#038;lang=en"},"modified":"2020-07-20T16:14:05","modified_gmt":"2020-07-20T13:14:05","slug":"saga-kaskenpuisto-turku","status":"publish","type":"page","link":"https:\/\/www.ruissalosaatio.fi\/en\/saga-senior-homes\/saga-kaskenpuisto-turku\/","title":{"rendered":"Kaskenpuisto, Turku"},"content":{"rendered":"\n<style type=\"text\/css\" data-created_by=\"avia_inline_auto\" id=\"style-css-av-1r6kvh-85fbe16b7d3d10e6bdc19a195bab5f03\">\n.avia-section.av-1r6kvh-85fbe16b7d3d10e6bdc19a195bab5f03 .av-parallax .av-parallax-inner{\nbackground-repeat:no-repeat;\nbackground-image:url(https:\/\/www.ruissalosaatio.fi\/wp-content\/uploads\/2016\/01\/kaskenpuisto4-1500x630.jpg);\nbackground-position:50% 50%;\nbackground-attachment:scroll;\n}\n.avia-section.av-1r6kvh-85fbe16b7d3d10e6bdc19a195bab5f03 .av-section-color-overlay{\nopacity:0.2;\nbackground-color:#000000;\n}\n<\/style>\n<div id='av_section_1'  class='avia-section av-1r6kvh-85fbe16b7d3d10e6bdc19a195bab5f03 main_color avia-section-large avia-no-shadow  avia-builder-el-0  el_before_av_section  avia-builder-el-first  avia-full-stretch av-parallax-section avia-bg-style-parallax av-section-color-overlay-active container_wrap sidebar_right'  data-section-bg-repeat='stretch'><div class='av-parallax' data-avia-parallax-ratio='0.3' ><div class='av-parallax-inner main_color avia-full-stretch'><\/div><\/div><div class=\"av-section-color-overlay-wrap\"><div class=\"av-section-color-overlay\"><\/div><div class='container av-section-cont-open' ><main  role=\"main\" itemprop=\"mainContentOfPage\"  class='template-page content  av-content-small alpha units'><div class='post-entry post-entry-type-page post-entry-797'><div class='entry-content-wrapper clearfix'>\n<style type=\"text\/css\" data-created_by=\"avia_inline_auto\" id=\"style-css-av-jsekc5mz-7b67bff73874edebd7fd7162e55c8489\">\n#top .av-special-heading.av-jsekc5mz-7b67bff73874edebd7fd7162e55c8489{\npadding-bottom:0;\ncolor:#ffffff;\nfont-size:50px;\n}\nbody .av-special-heading.av-jsekc5mz-7b67bff73874edebd7fd7162e55c8489 .av-special-heading-tag .heading-char{\nfont-size:25px;\n}\n#top #wrap_all .av-special-heading.av-jsekc5mz-7b67bff73874edebd7fd7162e55c8489 .av-special-heading-tag{\nfont-size:50px;\n}\n.av-special-heading.av-jsekc5mz-7b67bff73874edebd7fd7162e55c8489 .special-heading-inner-border{\nborder-color:#ffffff;\n}\n.av-special-heading.av-jsekc5mz-7b67bff73874edebd7fd7162e55c8489 .av-subheading{\nfont-size:15px;\n}\n\n@media only screen and (min-width: 480px) and (max-width: 767px){ \n#top #wrap_all .av-special-heading.av-jsekc5mz-7b67bff73874edebd7fd7162e55c8489 .av-special-heading-tag{\nfont-size:0.8em;\n}\n}\n\n@media only screen and (max-width: 479px){ \n#top #wrap_all .av-special-heading.av-jsekc5mz-7b67bff73874edebd7fd7162e55c8489 .av-special-heading-tag{\nfont-size:0.8em;\n}\n}\n<\/style>\n<div  class='av-special-heading av-jsekc5mz-7b67bff73874edebd7fd7162e55c8489 av-special-heading-h1 custom-color-heading blockquote modern-quote modern-centered  avia-builder-el-1  el_before_av_hr  avia-builder-el-first  av-inherit-size'><h1 class='av-special-heading-tag '  itemprop=\"headline\"  >Kaskenpuisto, Turku<\/h1><div class=\"special-heading-border\"><div class=\"special-heading-inner-border\"><\/div><\/div><\/div>\n\n<style type=\"text\/css\" data-created_by=\"avia_inline_auto\" id=\"style-css-av-1kbil1-e248a8329fb619d2141082d95f7b3808\">\n#top .hr.av-1kbil1-e248a8329fb619d2141082d95f7b3808{\nmargin-top:30px;\nmargin-bottom:30px;\n}\n.hr.av-1kbil1-e248a8329fb619d2141082d95f7b3808 .hr-inner{\nwidth:20%;\nborder-color:rgba(255,255,255,0.76);\nmax-width:45%;\n}\n.hr.av-1kbil1-e248a8329fb619d2141082d95f7b3808 .av-seperator-icon{\ncolor:#ffffff;\n}\n.hr.av-1kbil1-e248a8329fb619d2141082d95f7b3808 .av-seperator-icon.avia-svg-icon svg:first-child{\nfill:#ffffff;\nstroke:#ffffff;\n}\n<\/style>\n<div  class='hr av-1kbil1-e248a8329fb619d2141082d95f7b3808 hr-custom  avia-builder-el-2  el_after_av_heading  avia-builder-el-last  hr-center hr-icon-yes'><span class='hr-inner inner-border-av-border-thin'><span class=\"hr-inner-style\"><\/span><\/span><span class='av-seperator-icon avia-iconfont avia-font-entypo-fontello' data-av_icon='\ue8bf' data-av_iconfont='entypo-fontello' ><\/span><span class='hr-inner inner-border-av-border-thin'><span class=\"hr-inner-style\"><\/span><\/span><\/div>\n<\/div><\/div><\/main><!-- close content main element --><\/div><\/div><\/div><div id='av_section_2'  class='avia-section av-1c9r99-8ab2af112ef42d6933b8e526cc083237 alternate_color avia-section-default avia-no-border-styling  avia-builder-el-3  el_after_av_section  avia-builder-el-last  avia-bg-style-fixed container_wrap sidebar_right'  ><div class='container av-section-cont-open' ><div class='template-page content  av-content-small alpha units'><div class='post-entry post-entry-type-page post-entry-797'><div class='entry-content-wrapper clearfix'>\n<div class='flex_column_table av-181011-85b83a49bfa7224b2c145ada3db05158 sc-av_three_fifth av-equal-height-column-flextable'>\n<style type=\"text\/css\" data-created_by=\"avia_inline_auto\" id=\"style-css-av-181011-85b83a49bfa7224b2c145ada3db05158\">\n#top .flex_column_table.av-equal-height-column-flextable.av-181011-85b83a49bfa7224b2c145ada3db05158{\nmargin-top:0px;\nmargin-bottom:0px;\n}\n.flex_column.av-181011-85b83a49bfa7224b2c145ada3db05158{\nborder-radius:0px 0px 0px 0px;\npadding:30px 30px 30px 30px;\nbackground-color:#ffffff;\n}\n<\/style>\n<div  class='flex_column av-181011-85b83a49bfa7224b2c145ada3db05158 av_three_fifth  avia-builder-el-4  el_before_av_two_fifth  avia-builder-el-first  first no_margin flex_column_table_cell av-equal-height-column av-align-top  '     ><div  class='avia-slideshow av-12z8th-08d3589166f0d9be09849613600bc106 avia-slideshow-gallery av_slideshow avia-fade-slider  avia-builder-el-5  avia-builder-el-no-sibling  av-slideshow-ui av-slideshow-autoplay av-loop-endless av-loop-manual-endless av-default-height-applied avia-slideshow-1' data-slideshow-options=\"{&quot;animation&quot;:&quot;fade&quot;,&quot;autoplay&quot;:true,&quot;loop_autoplay&quot;:&quot;endless&quot;,&quot;interval&quot;:8,&quot;loop_manual&quot;:&quot;manual-endless&quot;,&quot;autoplay_stopper&quot;:false,&quot;noNavigation&quot;:false,&quot;bg_slider&quot;:false,&quot;keep_padding&quot;:false,&quot;hoverpause&quot;:false,&quot;show_slide_delay&quot;:0}\"  itemprop=\"image\" itemscope=\"itemscope\" itemtype=\"https:\/\/schema.org\/ImageObject\" ><ul class='avia-slideshow-inner ' style='padding-bottom: 80.94674556213%;'><li  class='avia-slideshow-slide av-12z8th-08d3589166f0d9be09849613600bc106__0  slide-1 slide-odd'><div data-rel='slideshow-1' class='avia-slide-wrap '   ><img decoding=\"async\" fetchpriority=\"high\" class=\"wp-image-1298 avia-img-lazy-loading-not-1298\"  src=\"https:\/\/www.ruissalosaatio.fi\/wp-content\/uploads\/2015\/05\/fp-kaskenpuisto-845x684.jpg\" width=\"845\" height=\"684\" title='Saga Kaskenpuisto, Turku' alt=''  itemprop=\"thumbnailUrl\" srcset=\"https:\/\/www.ruissalosaatio.fi\/wp-content\/uploads\/2015\/05\/fp-kaskenpuisto-845x684.jpg 845w, https:\/\/www.ruissalosaatio.fi\/wp-content\/uploads\/2015\/05\/fp-kaskenpuisto-495x400.jpg 495w\" sizes=\"(max-width: 845px) 100vw, 845px\" \/><\/div><\/li><li  class='avia-slideshow-slide av-12z8th-08d3589166f0d9be09849613600bc106__1  slide-2 slide-even'><div data-rel='slideshow-1' class='avia-slide-wrap '   ><img decoding=\"async\" fetchpriority=\"high\" class=\"wp-image-1328 avia-img-lazy-loading-not-1328\"  src=\"https:\/\/www.ruissalosaatio.fi\/wp-content\/uploads\/2016\/01\/kaskenpuisto1-845x684.jpg\" width=\"845\" height=\"684\" title='kaskenpuisto1' alt=''  itemprop=\"thumbnailUrl\" srcset=\"https:\/\/www.ruissalosaatio.fi\/wp-content\/uploads\/2016\/01\/kaskenpuisto1-845x684.jpg 845w, https:\/\/www.ruissalosaatio.fi\/wp-content\/uploads\/2016\/01\/kaskenpuisto1-495x400.jpg 495w\" sizes=\"(max-width: 845px) 100vw, 845px\" \/><\/div><\/li><li  class='avia-slideshow-slide av-12z8th-08d3589166f0d9be09849613600bc106__2  slide-3 slide-odd'><div data-rel='slideshow-1' class='avia-slide-wrap '   ><img decoding=\"async\" fetchpriority=\"high\" class=\"wp-image-1329 avia-img-lazy-loading-not-1329\"  src=\"https:\/\/www.ruissalosaatio.fi\/wp-content\/uploads\/2016\/01\/kaskenpuisto2-845x684.jpg\" width=\"845\" height=\"684\" title='kaskenpuisto2' alt=''  itemprop=\"thumbnailUrl\" srcset=\"https:\/\/www.ruissalosaatio.fi\/wp-content\/uploads\/2016\/01\/kaskenpuisto2-845x684.jpg 845w, https:\/\/www.ruissalosaatio.fi\/wp-content\/uploads\/2016\/01\/kaskenpuisto2-495x400.jpg 495w\" sizes=\"(max-width: 845px) 100vw, 845px\" \/><\/div><\/li><li  class='avia-slideshow-slide av-12z8th-08d3589166f0d9be09849613600bc106__3  slide-4 slide-even'><div data-rel='slideshow-1' class='avia-slide-wrap '   ><img decoding=\"async\" fetchpriority=\"high\" class=\"wp-image-1330 avia-img-lazy-loading-not-1330\"  src=\"https:\/\/www.ruissalosaatio.fi\/wp-content\/uploads\/2016\/01\/kaskenpuisto3-845x684.jpg\" width=\"845\" height=\"684\" title='kaskenpuisto3' alt=''  itemprop=\"thumbnailUrl\" srcset=\"https:\/\/www.ruissalosaatio.fi\/wp-content\/uploads\/2016\/01\/kaskenpuisto3-845x684.jpg 845w, https:\/\/www.ruissalosaatio.fi\/wp-content\/uploads\/2016\/01\/kaskenpuisto3-495x400.jpg 495w\" sizes=\"(max-width: 845px) 100vw, 845px\" \/><\/div><\/li><\/ul><div class='avia-slideshow-arrows avia-slideshow-controls' ><a href='#prev' class='prev-slide  avia-svg-icon avia-font-svg_entypo-fontello' data-av_svg_icon='left-open-big' data-av_iconset='svg_entypo-fontello' tabindex='-1' title=\"Previous\"><svg version=\"1.1\" xmlns=\"http:\/\/www.w3.org\/2000\/svg\" width=\"15\" height=\"32\" viewBox=\"0 0 15 32\" preserveAspectRatio=\"xMidYMid meet\" aria-labelledby='av-svg-title-1' aria-describedby='av-svg-desc-1' role=\"graphics-symbol\" aria-hidden=\"true\">\n<title id='av-svg-title-1'>Previous<\/title>\n<desc id='av-svg-desc-1'>Previous<\/desc>\n<path d=\"M14.464 27.84q0.832 0.832 0 1.536-0.832 0.832-1.536 0l-12.544-12.608q-0.768-0.768 0-1.6l12.544-12.608q0.704-0.832 1.536 0 0.832 0.704 0 1.536l-11.456 11.904z\"><\/path>\n<\/svg><span class='avia_hidden_link_text'>Previous<\/span><\/a><a href='#next' class='next-slide  avia-svg-icon avia-font-svg_entypo-fontello' data-av_svg_icon='right-open-big' data-av_iconset='svg_entypo-fontello' tabindex='-1' title=\"Next\"><svg version=\"1.1\" xmlns=\"http:\/\/www.w3.org\/2000\/svg\" width=\"15\" height=\"32\" viewBox=\"0 0 15 32\" preserveAspectRatio=\"xMidYMid meet\" aria-labelledby='av-svg-title-2' aria-describedby='av-svg-desc-2' role=\"graphics-symbol\" aria-hidden=\"true\">\n<title id='av-svg-title-2'>Next<\/title>\n<desc id='av-svg-desc-2'>Next<\/desc>\n<path d=\"M0.416 27.84l11.456-11.84-11.456-11.904q-0.832-0.832 0-1.536 0.832-0.832 1.536 0l12.544 12.608q0.768 0.832 0 1.6l-12.544 12.608q-0.704 0.832-1.536 0-0.832-0.704 0-1.536z\"><\/path>\n<\/svg><span class='avia_hidden_link_text'>Next<\/span><\/a><\/div><div class='avia-slideshow-dots avia-slideshow-controls'><a href='#1' class='goto-slide active' >1<\/a><a href='#2' class='goto-slide ' >2<\/a><a href='#3' class='goto-slide ' >3<\/a><a href='#4' class='goto-slide ' >4<\/a><\/div><\/div><\/div>\n<style type=\"text\/css\" data-created_by=\"avia_inline_auto\" id=\"style-css-av-boji5-6049cae810ee3c6828ec08ef6f968b75\">\n#top .flex_column_table.av-equal-height-column-flextable.av-boji5-6049cae810ee3c6828ec08ef6f968b75{\nmargin-top:0px;\nmargin-bottom:0px;\n}\n.flex_column.av-boji5-6049cae810ee3c6828ec08ef6f968b75{\nborder-radius:0px 0px 0px 0px;\npadding:30px 30px 30px 30px;\nbackground-color:#f0f0f0;\n}\n<\/style>\n<div  class='flex_column av-boji5-6049cae810ee3c6828ec08ef6f968b75 av_two_fifth  avia-builder-el-6  el_after_av_three_fifth  avia-builder-el-last  no_margin flex_column_table_cell av-equal-height-column av-align-top  '     ><p>\n<style type=\"text\/css\" data-created_by=\"avia_inline_auto\" id=\"style-css-av-av_heading-3d702aedb2ba056f2e8944cd9e0b1833\">\n#top .av-special-heading.av-av_heading-3d702aedb2ba056f2e8944cd9e0b1833{\npadding-bottom:20px;\n}\nbody .av-special-heading.av-av_heading-3d702aedb2ba056f2e8944cd9e0b1833 .av-special-heading-tag .heading-char{\nfont-size:25px;\n}\n.av-special-heading.av-av_heading-3d702aedb2ba056f2e8944cd9e0b1833 .av-subheading{\nfont-size:15px;\n}\n<\/style>\n<div  class='av-special-heading av-av_heading-3d702aedb2ba056f2e8944cd9e0b1833 av-special-heading-h3  avia-builder-el-7  el_before_av_textblock  avia-builder-el-first  av-linked-heading'><h3 class='av-special-heading-tag '  itemprop=\"headline\"  >Ruissalo Foundation Senior Residence Kaskenpuisto, Turku<\/h3><div class=\"special-heading-border\"><div class=\"special-heading-inner-border\"><\/div><\/div><\/div><br \/>\n<section  class='av_textblock_section av-jsekdrnd-df17ef1f330e239c165eeb3bbbdf53ce '   itemscope=\"itemscope\" itemtype=\"https:\/\/schema.org\/CreativeWork\" ><div class='avia_textblock'  itemprop=\"text\" ><p>The first Senior Reisidence built by the Ruissalo\u00a0Foundation opened in Turku in 1994-95. Kaskenpuisto is located near Turku city center with good services nearby.<\/p>\n<p><strong>Specifications:<\/strong><\/p>\n<ul>\n<li>128 apartments<\/li>\n<li>Built for short term and long term housing<\/li>\n<\/ul>\n<p><strong>Contact:<\/strong><\/p>\n<p>V\u00e4h\u00e4heikkil\u00e4ntie 2<br \/>FI-20720 Turku, Finland<br \/>Tel. +358 2 44453500<\/p>\n<\/div><\/section><\/p><\/div><\/div><!--close column table wrapper. Autoclose: 1 --><\/div><\/div><\/div><!-- close content main div --><\/div><\/div><div id='after_section_2'  class='main_color av_default_container_wrap container_wrap sidebar_right'  ><div class='container av-section-cont-open' ><div class='template-page content  av-content-small alpha units'><div class='post-entry post-entry-type-page post-entry-797'><div class='entry-content-wrapper clearfix'>\n","protected":false},"excerpt":{"rendered":"","protected":false},"author":2,"featured_media":0,"parent":775,"menu_order":0,"comment_status":"closed","ping_status":"closed","template":"","meta":{"footnotes":""},"class_list":["post-797","page","type-page","status-publish","hentry"],"yoast_head":"<!-- This site is optimized with the Yoast SEO plugin v27.2 - https:\/\/yoast.com\/product\/yoast-seo-wordpress\/ -->\n<title>Kaskenpuisto, Turku - Ruissalo S\u00e4\u00e4ti\u00f6<\/title>\n<meta name=\"robots\" content=\"index, follow, max-snippet:-1, max-image-preview:large, max-video-preview:-1\" \/>\n<link rel=\"canonical\" href=\"https:\/\/www.ruissalosaatio.fi\/en\/saga-senior-homes\/saga-kaskenpuisto-turku\/\" \/>\n<meta property=\"og:locale\" content=\"en_US\" \/>\n<meta property=\"og:type\" content=\"article\" \/>\n<meta property=\"og:title\" content=\"Kaskenpuisto, Turku - Ruissalo S\u00e4\u00e4ti\u00f6\" \/>\n<meta property=\"og:url\" content=\"https:\/\/www.ruissalosaatio.fi\/en\/saga-senior-homes\/saga-kaskenpuisto-turku\/\" \/>\n<meta property=\"og:site_name\" content=\"Ruissalo S\u00e4\u00e4ti\u00f6\" \/>\n<meta property=\"article:modified_time\" content=\"2020-07-20T13:14:05+00:00\" \/>\n<meta name=\"twitter:card\" content=\"summary_large_image\" \/>\n<meta name=\"twitter:label1\" content=\"Est. reading time\" \/>\n\t<meta name=\"twitter:data1\" content=\"4 minutes\" \/>\n<script type=\"application\/ld+json\" class=\"yoast-schema-graph\">{\"@context\":\"https:\/\/schema.org\",\"@graph\":[{\"@type\":\"WebPage\",\"@id\":\"https:\/\/www.ruissalosaatio.fi\/en\/saga-senior-homes\/saga-kaskenpuisto-turku\/\",\"url\":\"https:\/\/www.ruissalosaatio.fi\/en\/saga-senior-homes\/saga-kaskenpuisto-turku\/\",\"name\":\"Kaskenpuisto, Turku - Ruissalo S\u00e4\u00e4ti\u00f6\",\"isPartOf\":{\"@id\":\"https:\/\/www.ruissalosaatio.fi\/#website\"},\"datePublished\":\"2016-01-26T09:13:14+00:00\",\"dateModified\":\"2020-07-20T13:14:05+00:00\",\"breadcrumb\":{\"@id\":\"https:\/\/www.ruissalosaatio.fi\/en\/saga-senior-homes\/saga-kaskenpuisto-turku\/#breadcrumb\"},\"inLanguage\":\"en-US\",\"potentialAction\":[{\"@type\":\"ReadAction\",\"target\":[\"https:\/\/www.ruissalosaatio.fi\/en\/saga-senior-homes\/saga-kaskenpuisto-turku\/\"]}]},{\"@type\":\"BreadcrumbList\",\"@id\":\"https:\/\/www.ruissalosaatio.fi\/en\/saga-senior-homes\/saga-kaskenpuisto-turku\/#breadcrumb\",\"itemListElement\":[{\"@type\":\"ListItem\",\"position\":1,\"name\":\"Etusivu\",\"item\":\"https:\/\/www.ruissalosaatio.fi\/en\/\"},{\"@type\":\"ListItem\",\"position\":2,\"name\":\"Ruissalo Foundation Senior Residences\",\"item\":\"https:\/\/www.ruissalosaatio.fi\/en\/saga-senior-homes\/\"},{\"@type\":\"ListItem\",\"position\":3,\"name\":\"Kaskenpuisto, Turku\"}]},{\"@type\":\"WebSite\",\"@id\":\"https:\/\/www.ruissalosaatio.fi\/#website\",\"url\":\"https:\/\/www.ruissalosaatio.fi\/\",\"name\":\"Ruissalo S\u00e4\u00e4ti\u00f6\",\"description\":\"Saga Seniorikeskukset\",\"publisher\":{\"@id\":\"https:\/\/www.ruissalosaatio.fi\/#organization\"},\"potentialAction\":[{\"@type\":\"SearchAction\",\"target\":{\"@type\":\"EntryPoint\",\"urlTemplate\":\"https:\/\/www.ruissalosaatio.fi\/?s={search_term_string}\"},\"query-input\":{\"@type\":\"PropertyValueSpecification\",\"valueRequired\":true,\"valueName\":\"search_term_string\"}}],\"inLanguage\":\"en-US\"},{\"@type\":\"Organization\",\"@id\":\"https:\/\/www.ruissalosaatio.fi\/#organization\",\"name\":\"Ruissalo S\u00e4\u00e4ti\u00f6\",\"url\":\"https:\/\/www.ruissalosaatio.fi\/\",\"logo\":{\"@type\":\"ImageObject\",\"inLanguage\":\"en-US\",\"@id\":\"https:\/\/www.ruissalosaatio.fi\/#\/schema\/logo\/image\/\",\"url\":\"https:\/\/www.ruissalosaatio.fi\/wp-content\/uploads\/2016\/02\/rs_logo.png\",\"contentUrl\":\"https:\/\/www.ruissalosaatio.fi\/wp-content\/uploads\/2016\/02\/rs_logo.png\",\"width\":353,\"height\":156,\"caption\":\"Ruissalo S\u00e4\u00e4ti\u00f6\"},\"image\":{\"@id\":\"https:\/\/www.ruissalosaatio.fi\/#\/schema\/logo\/image\/\"}}]}<\/script>\n<!-- \/ Yoast SEO plugin. -->","yoast_head_json":{"title":"Kaskenpuisto, Turku - Ruissalo S\u00e4\u00e4ti\u00f6","robots":{"index":"index","follow":"follow","max-snippet":"max-snippet:-1","max-image-preview":"max-image-preview:large","max-video-preview":"max-video-preview:-1"},"canonical":"https:\/\/www.ruissalosaatio.fi\/en\/saga-senior-homes\/saga-kaskenpuisto-turku\/","og_locale":"en_US","og_type":"article","og_title":"Kaskenpuisto, Turku - Ruissalo S\u00e4\u00e4ti\u00f6","og_url":"https:\/\/www.ruissalosaatio.fi\/en\/saga-senior-homes\/saga-kaskenpuisto-turku\/","og_site_name":"Ruissalo S\u00e4\u00e4ti\u00f6","article_modified_time":"2020-07-20T13:14:05+00:00","twitter_card":"summary_large_image","twitter_misc":{"Est. reading time":"4 minutes"},"schema":{"@context":"https:\/\/schema.org","@graph":[{"@type":"WebPage","@id":"https:\/\/www.ruissalosaatio.fi\/en\/saga-senior-homes\/saga-kaskenpuisto-turku\/","url":"https:\/\/www.ruissalosaatio.fi\/en\/saga-senior-homes\/saga-kaskenpuisto-turku\/","name":"Kaskenpuisto, Turku - Ruissalo S\u00e4\u00e4ti\u00f6","isPartOf":{"@id":"https:\/\/www.ruissalosaatio.fi\/#website"},"datePublished":"2016-01-26T09:13:14+00:00","dateModified":"2020-07-20T13:14:05+00:00","breadcrumb":{"@id":"https:\/\/www.ruissalosaatio.fi\/en\/saga-senior-homes\/saga-kaskenpuisto-turku\/#breadcrumb"},"inLanguage":"en-US","potentialAction":[{"@type":"ReadAction","target":["https:\/\/www.ruissalosaatio.fi\/en\/saga-senior-homes\/saga-kaskenpuisto-turku\/"]}]},{"@type":"BreadcrumbList","@id":"https:\/\/www.ruissalosaatio.fi\/en\/saga-senior-homes\/saga-kaskenpuisto-turku\/#breadcrumb","itemListElement":[{"@type":"ListItem","position":1,"name":"Etusivu","item":"https:\/\/www.ruissalosaatio.fi\/en\/"},{"@type":"ListItem","position":2,"name":"Ruissalo Foundation Senior Residences","item":"https:\/\/www.ruissalosaatio.fi\/en\/saga-senior-homes\/"},{"@type":"ListItem","position":3,"name":"Kaskenpuisto, Turku"}]},{"@type":"WebSite","@id":"https:\/\/www.ruissalosaatio.fi\/#website","url":"https:\/\/www.ruissalosaatio.fi\/","name":"Ruissalo S\u00e4\u00e4ti\u00f6","description":"Saga Seniorikeskukset","publisher":{"@id":"https:\/\/www.ruissalosaatio.fi\/#organization"},"potentialAction":[{"@type":"SearchAction","target":{"@type":"EntryPoint","urlTemplate":"https:\/\/www.ruissalosaatio.fi\/?s={search_term_string}"},"query-input":{"@type":"PropertyValueSpecification","valueRequired":true,"valueName":"search_term_string"}}],"inLanguage":"en-US"},{"@type":"Organization","@id":"https:\/\/www.ruissalosaatio.fi\/#organization","name":"Ruissalo S\u00e4\u00e4ti\u00f6","url":"https:\/\/www.ruissalosaatio.fi\/","logo":{"@type":"ImageObject","inLanguage":"en-US","@id":"https:\/\/www.ruissalosaatio.fi\/#\/schema\/logo\/image\/","url":"https:\/\/www.ruissalosaatio.fi\/wp-content\/uploads\/2016\/02\/rs_logo.png","contentUrl":"https:\/\/www.ruissalosaatio.fi\/wp-content\/uploads\/2016\/02\/rs_logo.png","width":353,"height":156,"caption":"Ruissalo S\u00e4\u00e4ti\u00f6"},"image":{"@id":"https:\/\/www.ruissalosaatio.fi\/#\/schema\/logo\/image\/"}}]}},"_links":{"self":[{"href":"https:\/\/www.ruissalosaatio.fi\/en\/wp-json\/wp\/v2\/pages\/797","targetHints":{"allow":["GET"]}}],"collection":[{"href":"https:\/\/www.ruissalosaatio.fi\/en\/wp-json\/wp\/v2\/pages"}],"about":[{"href":"https:\/\/www.ruissalosaatio.fi\/en\/wp-json\/wp\/v2\/types\/page"}],"author":[{"embeddable":true,"href":"https:\/\/www.ruissalosaatio.fi\/en\/wp-json\/wp\/v2\/users\/2"}],"replies":[{"embeddable":true,"href":"https:\/\/www.ruissalosaatio.fi\/en\/wp-json\/wp\/v2\/comments?post=797"}],"version-history":[{"count":3,"href":"https:\/\/www.ruissalosaatio.fi\/en\/wp-json\/wp\/v2\/pages\/797\/revisions"}],"predecessor-version":[{"id":1603,"href":"https:\/\/www.ruissalosaatio.fi\/en\/wp-json\/wp\/v2\/pages\/797\/revisions\/1603"}],"up":[{"embeddable":true,"href":"https:\/\/www.ruissalosaatio.fi\/en\/wp-json\/wp\/v2\/pages\/775"}],"wp:attachment":[{"href":"https:\/\/www.ruissalosaatio.fi\/en\/wp-json\/wp\/v2\/media?parent=797"}],"curies":[{"name":"wp","href":"https:\/\/api.w.org\/{rel}","templated":true}]}}