{"id":803,"date":"2016-01-26T11:16:29","date_gmt":"2016-01-26T09:16:29","guid":{"rendered":"http:\/\/devpra.ruissalosaatio.com\/?page_id=803&#038;lang=en"},"modified":"2026-02-11T16:44:15","modified_gmt":"2026-02-11T14:44:15","slug":"comfortable-apartments","status":"publish","type":"page","link":"https:\/\/www.ruissalosaatio.fi\/en\/comfortable-apartments\/","title":{"rendered":"Serviced Apartments"},"content":{"rendered":"\n<style type=\"text\/css\" data-created_by=\"avia_inline_auto\" id=\"style-css-av-391r2b-127447ff1b4b06e19416419c0f31b5ff\">\n.avia-section.av-391r2b-127447ff1b4b06e19416419c0f31b5ff .av-parallax .av-parallax-inner{\nbackground-repeat:no-repeat;\nbackground-image:url(https:\/\/www.ruissalosaatio.fi\/wp-content\/uploads\/2016\/01\/helapuisto2-1500x630.jpg);\nbackground-position:50% 100%;\nbackground-attachment:scroll;\n}\n.avia-section.av-391r2b-127447ff1b4b06e19416419c0f31b5ff .av-section-color-overlay{\nopacity:0.2;\nbackground-color:#000000;\n}\n<\/style>\n<div id='av_section_1'  class='avia-section av-391r2b-127447ff1b4b06e19416419c0f31b5ff main_color avia-section-large avia-no-shadow  avia-builder-el-0  el_before_av_section  avia-builder-el-first  avia-full-stretch av-parallax-section avia-bg-style-parallax av-section-color-overlay-active container_wrap sidebar_right'  data-section-bg-repeat='stretch'><div class='av-parallax' data-avia-parallax-ratio='0.3' ><div class='av-parallax-inner main_color avia-full-stretch'><\/div><\/div><div class=\"av-section-color-overlay-wrap\"><div class=\"av-section-color-overlay\"><\/div><div class='container av-section-cont-open' ><main  role=\"main\" itemprop=\"mainContentOfPage\"  class='template-page content  av-content-small alpha units'><div class='post-entry post-entry-type-page post-entry-803'><div class='entry-content-wrapper clearfix'>\n\n<style type=\"text\/css\" data-created_by=\"avia_inline_auto\" id=\"style-css-av-30sd1n-71c02ccb31f049556baa0774d0ef969c\">\n#top .av-special-heading.av-30sd1n-71c02ccb31f049556baa0774d0ef969c{\npadding-bottom:0;\ncolor:#ffffff;\nfont-size:50px;\n}\nbody .av-special-heading.av-30sd1n-71c02ccb31f049556baa0774d0ef969c .av-special-heading-tag .heading-char{\nfont-size:25px;\n}\n#top #wrap_all .av-special-heading.av-30sd1n-71c02ccb31f049556baa0774d0ef969c .av-special-heading-tag{\nfont-size:50px;\n}\n.av-special-heading.av-30sd1n-71c02ccb31f049556baa0774d0ef969c .special-heading-inner-border{\nborder-color:#ffffff;\n}\n.av-special-heading.av-30sd1n-71c02ccb31f049556baa0774d0ef969c .av-subheading{\nfont-size:15px;\n}\n\n@media only screen and (min-width: 480px) and (max-width: 767px){ \n#top #wrap_all .av-special-heading.av-30sd1n-71c02ccb31f049556baa0774d0ef969c .av-special-heading-tag{\nfont-size:0.8em;\n}\n}\n\n@media only screen and (max-width: 479px){ \n#top #wrap_all .av-special-heading.av-30sd1n-71c02ccb31f049556baa0774d0ef969c .av-special-heading-tag{\nfont-size:0.8em;\n}\n}\n<\/style>\n<div  class='av-special-heading av-30sd1n-71c02ccb31f049556baa0774d0ef969c av-special-heading-h1 custom-color-heading blockquote modern-quote modern-centered  avia-builder-el-1  el_before_av_hr  avia-builder-el-first  av-inherit-size'><h1 class='av-special-heading-tag '  itemprop=\"headline\"  >Modern High-Quality Serviced Apartments for Seniors<\/h1><div class=\"special-heading-border\"><div class=\"special-heading-inner-border\"><\/div><\/div><\/div>\n\n<style type=\"text\/css\" data-created_by=\"avia_inline_auto\" id=\"style-css-av-2uca3v-2452b6be3628b872906077a694f2c28c\">\n#top .hr.av-2uca3v-2452b6be3628b872906077a694f2c28c{\nmargin-top:30px;\nmargin-bottom:30px;\n}\n.hr.av-2uca3v-2452b6be3628b872906077a694f2c28c .hr-inner{\nwidth:20%;\nborder-color:#ffffff;\nmax-width:45%;\n}\n.hr.av-2uca3v-2452b6be3628b872906077a694f2c28c .av-seperator-icon{\ncolor:#ffffff;\n}\n.hr.av-2uca3v-2452b6be3628b872906077a694f2c28c .av-seperator-icon.avia-svg-icon svg:first-child{\nfill:#ffffff;\nstroke:#ffffff;\n}\n<\/style>\n<div  class='hr av-2uca3v-2452b6be3628b872906077a694f2c28c hr-custom  avia-builder-el-2  el_after_av_heading  avia-builder-el-last  hr-center hr-icon-yes'><span class='hr-inner inner-border-av-border-thin'><span class=\"hr-inner-style\"><\/span><\/span><span class='av-seperator-icon avia-iconfont avia-font-entypo-fontello' data-av_icon='\ue8bf' data-av_iconfont='entypo-fontello' ><\/span><span class='hr-inner inner-border-av-border-thin'><span class=\"hr-inner-style\"><\/span><\/span><\/div>\n\n<\/div><\/div><\/main><!-- close content main element --><\/div><\/div><\/div><div id='av_section_2'  class='avia-section av-kcuj81db-6bdfa635e394bd70231edf68acebbe67 alternate_color avia-section-default avia-no-border-styling  avia-builder-el-3  el_after_av_section  avia-builder-el-last  avia-bg-style-fixed container_wrap sidebar_right'  ><div class='container av-section-cont-open' ><div class='template-page content  av-content-small alpha units'><div class='post-entry post-entry-type-page post-entry-803'><div class='entry-content-wrapper clearfix'>\n<div class='flex_column_table av-kcuj8fza-9d5155e2ccd70d0a7a4513cab2cd832b sc-av_one_full av-equal-height-column-flextable'>\n<style type=\"text\/css\" data-created_by=\"avia_inline_auto\" id=\"style-css-av-kcuj8fza-9d5155e2ccd70d0a7a4513cab2cd832b\">\n#top .flex_column_table.av-equal-height-column-flextable.av-kcuj8fza-9d5155e2ccd70d0a7a4513cab2cd832b{\nmargin-top:0px;\nmargin-bottom:0px;\n}\n.flex_column.av-kcuj8fza-9d5155e2ccd70d0a7a4513cab2cd832b{\nborder-radius:0px 0px 0px 0px;\npadding:30px 30px 30px 30px;\nbackground-color:#f0f0f0;\n}\n<\/style>\n<div  class='flex_column av-kcuj8fza-9d5155e2ccd70d0a7a4513cab2cd832b av_one_full  avia-builder-el-4  el_before_av_one_half  avia-builder-el-first  first no_margin flex_column_table_cell av-equal-height-column av-align-top  '     ><section  class='av_textblock_section av-2oftyj-83b6677a6e3b1bd14cc24bc06884486b '   itemscope=\"itemscope\" itemtype=\"https:\/\/schema.org\/CreativeWork\" ><div class='avia_textblock av_inherit_color'  itemprop=\"text\" ><h4 style=\"text-align: center;\">We believe that everyone can find his or her dream home in one of our Senior Serviced Residences<\/h4>\n<\/div><\/section><br \/>\n<div  class='avia-slideshow av-9eys3-f0dc6ac0adc8e7477d3d2e31348a5779 avia-slideshow-featured_large av_slideshow avia-fade-slider  avia-builder-el-6  el_after_av_textblock  avia-builder-el-last  av-slideshow-ui av-slideshow-autoplay av-loop-endless av-loop-manual-endless av-default-height-applied avia-slideshow-1' data-slideshow-options=\"{&quot;animation&quot;:&quot;fade&quot;,&quot;autoplay&quot;:true,&quot;loop_autoplay&quot;:&quot;endless&quot;,&quot;interval&quot;:5,&quot;loop_manual&quot;:&quot;manual-endless&quot;,&quot;autoplay_stopper&quot;:false,&quot;noNavigation&quot;:false,&quot;bg_slider&quot;:false,&quot;keep_padding&quot;:false,&quot;hoverpause&quot;:false,&quot;show_slide_delay&quot;:0}\"  itemprop=\"image\" itemscope=\"itemscope\" itemtype=\"https:\/\/schema.org\/ImageObject\" ><ul class='avia-slideshow-inner ' style='padding-bottom: 42%;'><li  class='avia-slideshow-slide av-9eys3-f0dc6ac0adc8e7477d3d2e31348a5779__0  slide-1 slide-odd'><div data-rel='slideshow-1' class='avia-slide-wrap '   ><img decoding=\"async\" fetchpriority=\"high\" class=\"wp-image-1353 avia-img-lazy-loading-not-1353\"  src=\"https:\/\/www.ruissalosaatio.fi\/wp-content\/uploads\/2016\/01\/helapuisto-pari-1500x630.jpg\" width=\"1500\" height=\"630\" title='' alt=''  itemprop=\"thumbnailUrl\"   \/><\/div><\/li><li  class='avia-slideshow-slide av-9eys3-f0dc6ac0adc8e7477d3d2e31348a5779__1  slide-2 slide-even'><div data-rel='slideshow-1' class='avia-slide-wrap '   ><img decoding=\"async\" fetchpriority=\"high\" class=\"wp-image-1299 avia-img-lazy-loading-not-1299\"  src=\"https:\/\/www.ruissalosaatio.fi\/wp-content\/uploads\/2016\/01\/fp-kaskenniitty-huone-1500x630.jpg\" width=\"1500\" height=\"630\" title='' alt=''  itemprop=\"thumbnailUrl\"   \/><\/div><\/li><li  class='avia-slideshow-slide av-9eys3-f0dc6ac0adc8e7477d3d2e31348a5779__2  slide-3 slide-odd'><div data-rel='slideshow-1' class='avia-slide-wrap '   ><img decoding=\"async\" fetchpriority=\"high\" class=\"wp-image-1310 avia-img-lazy-loading-not-1310\"  src=\"https:\/\/www.ruissalosaatio.fi\/wp-content\/uploads\/2016\/01\/helapuisto3-1500x630.jpg\" width=\"1500\" height=\"630\" title='helapuisto3' alt=''  itemprop=\"thumbnailUrl\"   \/><\/div><\/li><li  class='avia-slideshow-slide av-9eys3-f0dc6ac0adc8e7477d3d2e31348a5779__3  slide-4 slide-even'><div data-rel='slideshow-1' class='avia-slide-wrap '   ><img decoding=\"async\" fetchpriority=\"high\" class=\"wp-image-1308 avia-img-lazy-loading-not-1308\"  src=\"https:\/\/www.ruissalosaatio.fi\/wp-content\/uploads\/2016\/01\/kanalinranta2-1500x630.jpg\" width=\"1500\" height=\"630\" title='kanalinranta2' alt=''  itemprop=\"thumbnailUrl\"   \/><\/div><\/li><li  class='avia-slideshow-slide av-9eys3-f0dc6ac0adc8e7477d3d2e31348a5779__4  slide-5 slide-odd'><div data-rel='slideshow-1' class='avia-slide-wrap '   ><img decoding=\"async\" fetchpriority=\"high\" class=\"wp-image-1309 avia-img-lazy-loading-not-1309\"  src=\"https:\/\/www.ruissalosaatio.fi\/wp-content\/uploads\/2016\/01\/kanalinranta3-1500x630.jpg\" width=\"1500\" height=\"630\" title='kanalinranta3' alt=''  itemprop=\"thumbnailUrl\"   \/><\/div><\/li><li  class='avia-slideshow-slide av-9eys3-f0dc6ac0adc8e7477d3d2e31348a5779__5  slide-6 slide-even'><div data-rel='slideshow-1' class='avia-slide-wrap '   ><img decoding=\"async\" fetchpriority=\"high\" class=\"wp-image-1337 avia-img-lazy-loading-not-1337\"  src=\"https:\/\/www.ruissalosaatio.fi\/wp-content\/uploads\/2016\/01\/uimarit-1500x630.jpg\" width=\"1500\" height=\"630\" title='uimarit' alt=''  itemprop=\"thumbnailUrl\"   \/><\/div><\/li><li  class='avia-slideshow-slide av-9eys3-f0dc6ac0adc8e7477d3d2e31348a5779__6  slide-7 slide-odd'><div data-rel='slideshow-1' class='avia-slide-wrap '   ><img decoding=\"async\" fetchpriority=\"high\" class=\"wp-image-1334 avia-img-lazy-loading-not-1334\"  src=\"https:\/\/www.ruissalosaatio.fi\/wp-content\/uploads\/2016\/01\/maalari-1500x630.jpg\" width=\"1500\" height=\"630\" title='maalari' alt=''  itemprop=\"thumbnailUrl\"   \/><\/div><\/li><li  class='avia-slideshow-slide av-9eys3-f0dc6ac0adc8e7477d3d2e31348a5779__7  slide-8 slide-even'><div data-rel='slideshow-1' class='avia-slide-wrap '   ><img decoding=\"async\" fetchpriority=\"high\" class=\"wp-image-1323 avia-img-lazy-loading-not-1323\"  src=\"https:\/\/www.ruissalosaatio.fi\/wp-content\/uploads\/2016\/01\/kaskenniitty2-1500x630.jpg\" width=\"1500\" height=\"630\" title='kaskenniitty2' alt=''  itemprop=\"thumbnailUrl\"   \/><\/div><\/li><li  class='avia-slideshow-slide av-9eys3-f0dc6ac0adc8e7477d3d2e31348a5779__8  slide-9 slide-odd'><div data-rel='slideshow-1' class='avia-slide-wrap '   ><img decoding=\"async\" fetchpriority=\"high\" class=\"wp-image-1327 avia-img-lazy-loading-not-1327\"  src=\"https:\/\/www.ruissalosaatio.fi\/wp-content\/uploads\/2016\/01\/kaskenniitty6-1500x630.jpg\" width=\"1500\" height=\"630\" title='kaskenniitty6' alt=''  itemprop=\"thumbnailUrl\"   \/><\/div><\/li><li  class='avia-slideshow-slide av-9eys3-f0dc6ac0adc8e7477d3d2e31348a5779__9  slide-10 slide-even'><div data-rel='slideshow-1' class='avia-slide-wrap '   ><img decoding=\"async\" fetchpriority=\"high\" class=\"wp-image-1338 avia-img-lazy-loading-not-1338\"  src=\"https:\/\/www.ruissalosaatio.fi\/wp-content\/uploads\/2016\/01\/jalkahoito-1500x630.jpg\" width=\"1500\" height=\"630\" title='jalkahoito' alt=''  itemprop=\"thumbnailUrl\"   \/><\/div><\/li><\/ul><div class='avia-slideshow-arrows avia-slideshow-controls' ><a href='#prev' class='prev-slide  avia-svg-icon avia-font-svg_entypo-fontello' data-av_svg_icon='left-open-big' data-av_iconset='svg_entypo-fontello' tabindex='-1' title=\"Previous\"><svg version=\"1.1\" xmlns=\"http:\/\/www.w3.org\/2000\/svg\" width=\"15\" height=\"32\" viewBox=\"0 0 15 32\" preserveAspectRatio=\"xMidYMid meet\" aria-labelledby='av-svg-title-1' aria-describedby='av-svg-desc-1' role=\"graphics-symbol\" aria-hidden=\"true\">\n<title id='av-svg-title-1'>Previous<\/title>\n<desc id='av-svg-desc-1'>Previous<\/desc>\n<path d=\"M14.464 27.84q0.832 0.832 0 1.536-0.832 0.832-1.536 0l-12.544-12.608q-0.768-0.768 0-1.6l12.544-12.608q0.704-0.832 1.536 0 0.832 0.704 0 1.536l-11.456 11.904z\"><\/path>\n<\/svg><span class='avia_hidden_link_text'>Previous<\/span><\/a><a href='#next' class='next-slide  avia-svg-icon avia-font-svg_entypo-fontello' data-av_svg_icon='right-open-big' data-av_iconset='svg_entypo-fontello' tabindex='-1' title=\"Next\"><svg version=\"1.1\" xmlns=\"http:\/\/www.w3.org\/2000\/svg\" width=\"15\" height=\"32\" viewBox=\"0 0 15 32\" preserveAspectRatio=\"xMidYMid meet\" aria-labelledby='av-svg-title-2' aria-describedby='av-svg-desc-2' role=\"graphics-symbol\" aria-hidden=\"true\">\n<title id='av-svg-title-2'>Next<\/title>\n<desc id='av-svg-desc-2'>Next<\/desc>\n<path d=\"M0.416 27.84l11.456-11.84-11.456-11.904q-0.832-0.832 0-1.536 0.832-0.832 1.536 0l12.544 12.608q0.768 0.832 0 1.6l-12.544 12.608q-0.704 0.832-1.536 0-0.832-0.704 0-1.536z\"><\/path>\n<\/svg><span class='avia_hidden_link_text'>Next<\/span><\/a><\/div><div class='avia-slideshow-dots avia-slideshow-controls'><a href='#1' class='goto-slide active' >1<\/a><a href='#2' class='goto-slide ' >2<\/a><a href='#3' class='goto-slide ' >3<\/a><a href='#4' class='goto-slide ' >4<\/a><a href='#5' class='goto-slide ' >5<\/a><a href='#6' class='goto-slide ' >6<\/a><a href='#7' class='goto-slide ' >7<\/a><a href='#8' class='goto-slide ' >8<\/a><a href='#9' class='goto-slide ' >9<\/a><a href='#10' class='goto-slide ' >10<\/a><\/div><\/div><\/p><\/div><\/div><!--close column table wrapper. Autoclose: 1 --><div class='flex_column_table av-9kr7-8b48a41416d5a4972f47c582a061ac67 sc-av_one_half av-break-at-tablet-flextable av-equal-height-column-flextable'>\n<style type=\"text\/css\" data-created_by=\"avia_inline_auto\" id=\"style-css-av-9kr7-8b48a41416d5a4972f47c582a061ac67\">\n.flex_column.av-9kr7-8b48a41416d5a4972f47c582a061ac67{\nborder-radius:0px 0px 0px 0px;\npadding:30px 30px 30px 30px;\nbackground-color:#f0f0f0;\n}\n<\/style>\n<div  class='flex_column av-9kr7-8b48a41416d5a4972f47c582a061ac67 av_one_half  avia-builder-el-7  el_after_av_one_full  el_before_av_one_half  first no_margin av-break-at-tablet flex_column_table_cell av-equal-height-column av-align-top  column-top-margin'     ><section  class='av_textblock_section av-1y2zv-f33334f2c85eeb23490a168504be5608 '   itemscope=\"itemscope\" itemtype=\"https:\/\/schema.org\/CreativeWork\" ><div class='avia_textblock'  itemprop=\"text\" ><h3>Senior Serviced Residences \u2013 Integrated Housing and Care Model<\/h3>\n<p>Ruissalo Foundation develops and operates <strong>Senior Serviced Residences<\/strong> that integrate accessible rental housing with flexible support and care services. The model is designed to promote ageing in place, autonomy, and continuity of everyday life, while enabling timely access to assistance as needs evolve.<\/p>\n<p>Housing consists of <strong>fully accessible studio and one- and two-bedroom apartments<\/strong>, designed to be adaptable over time. Residents furnish and personalise their homes themselves, supporting independence, identity, and a sense of home. Balconies or terraces form an integral part of the living environment and support wellbeing and connection to the outdoors.<\/p>\n<h3>Integrated Living Environment<\/h3>\n<p>The Senior Serviced Residences combine private housing with shared facilities and services in a single, coordinated framework. Communal spaces support social participation, physical activity, and daily interaction, and typically include dining facilities, caf\u00e9s, common indoor and outdoor areas, and recreational spaces.<\/p>\n<p>In line with European principles of <strong>choice, proportionality, and user-centred services, all support and care services<\/strong> are optional and individually tailored. Residents may live independently, use selected services, or increase support gradually without the need for relocation.<\/p>\n<\/div><\/section><\/div>\n<style type=\"text\/css\" data-created_by=\"avia_inline_auto\" id=\"style-css-av-dd4u3-649288df62e0731ab671f421770efae3\">\n.flex_column.av-dd4u3-649288df62e0731ab671f421770efae3{\nborder-radius:0px 0px 0px 0px;\npadding:30px 30px 30px 30px;\nbackground-color:#f0f0f0;\n}\n<\/style>\n<div  class='flex_column av-dd4u3-649288df62e0731ab671f421770efae3 av_one_half  avia-builder-el-9  el_after_av_one_half  avia-builder-el-last  no_margin av-break-at-tablet flex_column_table_cell av-equal-height-column av-align-top  column-top-margin'     ><section  class='av_textblock_section av-rfi3-2f4acda1aa9c5255560f28da6e2536da '   itemscope=\"itemscope\" itemtype=\"https:\/\/schema.org\/CreativeWork\" ><div class='avia_textblock'  itemprop=\"text\" ><h3>Care, Safety and Support<\/h3>\n<p>Care and support are organised through a <strong>non-institutional, home-based care model<\/strong>. Professional staff are available or on call 24\/7, ensuring safety and continuity while preserving a residential character.<\/p>\n<p>Core elements include:<\/p>\n<ul>\n<li>Emergency call and alarm systems with location support<\/li>\n<li>Home care and nursing services delivered in the resident\u2019s own apartment<\/li>\n<li>Assistance with daily activities based on assessed need<\/li>\n<li>Housekeeping and practical support services<\/li>\n<\/ul>\n<p>This approach supports functional ability, prevents unnecessary institutionalisation, and aligns with EU policy objectives on <strong>integrated care and sustainable long-term care systems<\/strong>.<\/p>\n<h3>Community and Everyday Life<\/h3>\n<p>The residences function as <strong>living communities<\/strong>, not care institutions. Social, cultural, and physical activities support active ageing, social inclusion, and mental wellbeing. Activities are developed in response to residents\u2019 interests and capabilities and aim to strengthen participation and community life.<\/p>\n<p>Overall, the Senior Serviced Residences provide a <strong>scalable, rights-based housing and care solution<\/strong> that supports independence, dignity, and quality of life in an ageing society.<\/p>\n<\/div><\/section><\/div><\/div><!--close column table wrapper. Autoclose: 1 --><\/div><\/div><\/div><!-- close content main div --><\/div><\/div><div id='after_section_2'  class='main_color av_default_container_wrap container_wrap sidebar_right'  ><div class='container av-section-cont-open' ><div class='template-page content  av-content-small alpha units'><div class='post-entry post-entry-type-page post-entry-803'><div class='entry-content-wrapper clearfix'>\n","protected":false},"excerpt":{"rendered":"","protected":false},"author":2,"featured_media":0,"parent":0,"menu_order":0,"comment_status":"closed","ping_status":"closed","template":"","meta":{"footnotes":""},"class_list":["post-803","page","type-page","status-publish","hentry"],"yoast_head":"<!-- This site is optimized with the Yoast SEO plugin v27.2 - https:\/\/yoast.com\/product\/yoast-seo-wordpress\/ -->\n<title>Serviced Apartments - Ruissalo S\u00e4\u00e4ti\u00f6<\/title>\n<meta name=\"robots\" content=\"index, follow, max-snippet:-1, max-image-preview:large, max-video-preview:-1\" \/>\n<link rel=\"canonical\" href=\"https:\/\/www.ruissalosaatio.fi\/en\/comfortable-apartments\/\" \/>\n<meta property=\"og:locale\" content=\"en_US\" \/>\n<meta property=\"og:type\" content=\"article\" \/>\n<meta property=\"og:title\" content=\"Serviced Apartments - Ruissalo S\u00e4\u00e4ti\u00f6\" \/>\n<meta property=\"og:url\" content=\"https:\/\/www.ruissalosaatio.fi\/en\/comfortable-apartments\/\" \/>\n<meta property=\"og:site_name\" content=\"Ruissalo S\u00e4\u00e4ti\u00f6\" \/>\n<meta property=\"article:modified_time\" content=\"2026-02-11T14:44:15+00:00\" \/>\n<meta name=\"twitter:card\" content=\"summary_large_image\" \/>\n<meta name=\"twitter:label1\" content=\"Est. reading time\" \/>\n\t<meta name=\"twitter:data1\" content=\"5 minutes\" \/>\n<script type=\"application\/ld+json\" class=\"yoast-schema-graph\">{\"@context\":\"https:\/\/schema.org\",\"@graph\":[{\"@type\":\"WebPage\",\"@id\":\"https:\/\/www.ruissalosaatio.fi\/en\/comfortable-apartments\/\",\"url\":\"https:\/\/www.ruissalosaatio.fi\/en\/comfortable-apartments\/\",\"name\":\"Serviced Apartments - Ruissalo S\u00e4\u00e4ti\u00f6\",\"isPartOf\":{\"@id\":\"https:\/\/www.ruissalosaatio.fi\/#website\"},\"datePublished\":\"2016-01-26T09:16:29+00:00\",\"dateModified\":\"2026-02-11T14:44:15+00:00\",\"breadcrumb\":{\"@id\":\"https:\/\/www.ruissalosaatio.fi\/en\/comfortable-apartments\/#breadcrumb\"},\"inLanguage\":\"en-US\",\"potentialAction\":[{\"@type\":\"ReadAction\",\"target\":[\"https:\/\/www.ruissalosaatio.fi\/en\/comfortable-apartments\/\"]}]},{\"@type\":\"BreadcrumbList\",\"@id\":\"https:\/\/www.ruissalosaatio.fi\/en\/comfortable-apartments\/#breadcrumb\",\"itemListElement\":[{\"@type\":\"ListItem\",\"position\":1,\"name\":\"Etusivu\",\"item\":\"https:\/\/www.ruissalosaatio.fi\/en\/\"},{\"@type\":\"ListItem\",\"position\":2,\"name\":\"Serviced Apartments\"}]},{\"@type\":\"WebSite\",\"@id\":\"https:\/\/www.ruissalosaatio.fi\/#website\",\"url\":\"https:\/\/www.ruissalosaatio.fi\/\",\"name\":\"Ruissalo S\u00e4\u00e4ti\u00f6\",\"description\":\"Saga Seniorikeskukset\",\"publisher\":{\"@id\":\"https:\/\/www.ruissalosaatio.fi\/#organization\"},\"potentialAction\":[{\"@type\":\"SearchAction\",\"target\":{\"@type\":\"EntryPoint\",\"urlTemplate\":\"https:\/\/www.ruissalosaatio.fi\/?s={search_term_string}\"},\"query-input\":{\"@type\":\"PropertyValueSpecification\",\"valueRequired\":true,\"valueName\":\"search_term_string\"}}],\"inLanguage\":\"en-US\"},{\"@type\":\"Organization\",\"@id\":\"https:\/\/www.ruissalosaatio.fi\/#organization\",\"name\":\"Ruissalo S\u00e4\u00e4ti\u00f6\",\"url\":\"https:\/\/www.ruissalosaatio.fi\/\",\"logo\":{\"@type\":\"ImageObject\",\"inLanguage\":\"en-US\",\"@id\":\"https:\/\/www.ruissalosaatio.fi\/#\/schema\/logo\/image\/\",\"url\":\"https:\/\/www.ruissalosaatio.fi\/wp-content\/uploads\/2016\/02\/rs_logo.png\",\"contentUrl\":\"https:\/\/www.ruissalosaatio.fi\/wp-content\/uploads\/2016\/02\/rs_logo.png\",\"width\":353,\"height\":156,\"caption\":\"Ruissalo S\u00e4\u00e4ti\u00f6\"},\"image\":{\"@id\":\"https:\/\/www.ruissalosaatio.fi\/#\/schema\/logo\/image\/\"}}]}<\/script>\n<!-- \/ Yoast SEO plugin. -->","yoast_head_json":{"title":"Serviced Apartments - Ruissalo S\u00e4\u00e4ti\u00f6","robots":{"index":"index","follow":"follow","max-snippet":"max-snippet:-1","max-image-preview":"max-image-preview:large","max-video-preview":"max-video-preview:-1"},"canonical":"https:\/\/www.ruissalosaatio.fi\/en\/comfortable-apartments\/","og_locale":"en_US","og_type":"article","og_title":"Serviced Apartments - Ruissalo S\u00e4\u00e4ti\u00f6","og_url":"https:\/\/www.ruissalosaatio.fi\/en\/comfortable-apartments\/","og_site_name":"Ruissalo S\u00e4\u00e4ti\u00f6","article_modified_time":"2026-02-11T14:44:15+00:00","twitter_card":"summary_large_image","twitter_misc":{"Est. reading time":"5 minutes"},"schema":{"@context":"https:\/\/schema.org","@graph":[{"@type":"WebPage","@id":"https:\/\/www.ruissalosaatio.fi\/en\/comfortable-apartments\/","url":"https:\/\/www.ruissalosaatio.fi\/en\/comfortable-apartments\/","name":"Serviced Apartments - Ruissalo S\u00e4\u00e4ti\u00f6","isPartOf":{"@id":"https:\/\/www.ruissalosaatio.fi\/#website"},"datePublished":"2016-01-26T09:16:29+00:00","dateModified":"2026-02-11T14:44:15+00:00","breadcrumb":{"@id":"https:\/\/www.ruissalosaatio.fi\/en\/comfortable-apartments\/#breadcrumb"},"inLanguage":"en-US","potentialAction":[{"@type":"ReadAction","target":["https:\/\/www.ruissalosaatio.fi\/en\/comfortable-apartments\/"]}]},{"@type":"BreadcrumbList","@id":"https:\/\/www.ruissalosaatio.fi\/en\/comfortable-apartments\/#breadcrumb","itemListElement":[{"@type":"ListItem","position":1,"name":"Etusivu","item":"https:\/\/www.ruissalosaatio.fi\/en\/"},{"@type":"ListItem","position":2,"name":"Serviced Apartments"}]},{"@type":"WebSite","@id":"https:\/\/www.ruissalosaatio.fi\/#website","url":"https:\/\/www.ruissalosaatio.fi\/","name":"Ruissalo S\u00e4\u00e4ti\u00f6","description":"Saga Seniorikeskukset","publisher":{"@id":"https:\/\/www.ruissalosaatio.fi\/#organization"},"potentialAction":[{"@type":"SearchAction","target":{"@type":"EntryPoint","urlTemplate":"https:\/\/www.ruissalosaatio.fi\/?s={search_term_string}"},"query-input":{"@type":"PropertyValueSpecification","valueRequired":true,"valueName":"search_term_string"}}],"inLanguage":"en-US"},{"@type":"Organization","@id":"https:\/\/www.ruissalosaatio.fi\/#organization","name":"Ruissalo S\u00e4\u00e4ti\u00f6","url":"https:\/\/www.ruissalosaatio.fi\/","logo":{"@type":"ImageObject","inLanguage":"en-US","@id":"https:\/\/www.ruissalosaatio.fi\/#\/schema\/logo\/image\/","url":"https:\/\/www.ruissalosaatio.fi\/wp-content\/uploads\/2016\/02\/rs_logo.png","contentUrl":"https:\/\/www.ruissalosaatio.fi\/wp-content\/uploads\/2016\/02\/rs_logo.png","width":353,"height":156,"caption":"Ruissalo S\u00e4\u00e4ti\u00f6"},"image":{"@id":"https:\/\/www.ruissalosaatio.fi\/#\/schema\/logo\/image\/"}}]}},"_links":{"self":[{"href":"https:\/\/www.ruissalosaatio.fi\/en\/wp-json\/wp\/v2\/pages\/803","targetHints":{"allow":["GET"]}}],"collection":[{"href":"https:\/\/www.ruissalosaatio.fi\/en\/wp-json\/wp\/v2\/pages"}],"about":[{"href":"https:\/\/www.ruissalosaatio.fi\/en\/wp-json\/wp\/v2\/types\/page"}],"author":[{"embeddable":true,"href":"https:\/\/www.ruissalosaatio.fi\/en\/wp-json\/wp\/v2\/users\/2"}],"replies":[{"embeddable":true,"href":"https:\/\/www.ruissalosaatio.fi\/en\/wp-json\/wp\/v2\/comments?post=803"}],"version-history":[{"count":5,"href":"https:\/\/www.ruissalosaatio.fi\/en\/wp-json\/wp\/v2\/pages\/803\/revisions"}],"predecessor-version":[{"id":2145,"href":"https:\/\/www.ruissalosaatio.fi\/en\/wp-json\/wp\/v2\/pages\/803\/revisions\/2145"}],"wp:attachment":[{"href":"https:\/\/www.ruissalosaatio.fi\/en\/wp-json\/wp\/v2\/media?parent=803"}],"curies":[{"name":"wp","href":"https:\/\/api.w.org\/{rel}","templated":true}]}}