{"id":969,"date":"2016-01-27T18:53:36","date_gmt":"2016-01-27T16:53:36","guid":{"rendered":"http:\/\/devpra.ruissalosaatio.com\/en\/?page_id=969"},"modified":"2020-07-20T16:05:05","modified_gmt":"2020-07-20T13:05:05","slug":"housing-applications","status":"publish","type":"page","link":"https:\/\/www.ruissalosaatio.fi\/en\/housing-applications\/","title":{"rendered":"Housing Applications"},"content":{"rendered":"\n<style type=\"text\/css\" data-created_by=\"avia_inline_auto\" id=\"style-css-av-us36h-3a2818c2268c79b9f6b2aaf44a4b3a82\">\n.avia-section.av-us36h-3a2818c2268c79b9f6b2aaf44a4b3a82 .av-parallax .av-parallax-inner{\nbackground-repeat:no-repeat;\nbackground-image:url(https:\/\/www.ruissalosaatio.fi\/wp-content\/uploads\/2016\/01\/munkkiniemi-dosentinrinne2-1500x630.jpg);\nbackground-position:50% 50%;\nbackground-attachment:scroll;\n}\n.avia-section.av-us36h-3a2818c2268c79b9f6b2aaf44a4b3a82 .av-section-color-overlay{\nopacity:0.2;\nbackground-color:#000000;\n}\n<\/style>\n<div id='av_section_1'  class='avia-section av-us36h-3a2818c2268c79b9f6b2aaf44a4b3a82 main_color avia-section-large avia-no-shadow  avia-builder-el-0  el_before_av_section  avia-builder-el-first  avia-full-stretch av-parallax-section avia-bg-style-parallax av-section-color-overlay-active container_wrap sidebar_right'  data-section-bg-repeat='stretch'><div class='av-parallax' data-avia-parallax-ratio='0.3' ><div class='av-parallax-inner main_color avia-full-stretch'><\/div><\/div><div class=\"av-section-color-overlay-wrap\"><div class=\"av-section-color-overlay\"><\/div><div class='container av-section-cont-open' ><main  role=\"main\" itemprop=\"mainContentOfPage\"  class='template-page content  av-content-small alpha units'><div class='post-entry post-entry-type-page post-entry-969'><div class='entry-content-wrapper clearfix'>\n<style type=\"text\/css\" data-created_by=\"avia_inline_auto\" id=\"style-css-av-qabvl-cda256a70dd38a66fd0b53e38875b6ec\">\n#top .av-special-heading.av-qabvl-cda256a70dd38a66fd0b53e38875b6ec{\npadding-bottom:0;\ncolor:#ffffff;\nfont-size:50px;\n}\nbody .av-special-heading.av-qabvl-cda256a70dd38a66fd0b53e38875b6ec .av-special-heading-tag .heading-char{\nfont-size:25px;\n}\n#top #wrap_all .av-special-heading.av-qabvl-cda256a70dd38a66fd0b53e38875b6ec .av-special-heading-tag{\nfont-size:50px;\n}\n.av-special-heading.av-qabvl-cda256a70dd38a66fd0b53e38875b6ec .special-heading-inner-border{\nborder-color:#ffffff;\n}\n.av-special-heading.av-qabvl-cda256a70dd38a66fd0b53e38875b6ec .av-subheading{\nfont-size:15px;\n}\n\n@media only screen and (min-width: 480px) and (max-width: 767px){ \n#top #wrap_all .av-special-heading.av-qabvl-cda256a70dd38a66fd0b53e38875b6ec .av-special-heading-tag{\nfont-size:0.8em;\n}\n}\n\n@media only screen and (max-width: 479px){ \n#top #wrap_all .av-special-heading.av-qabvl-cda256a70dd38a66fd0b53e38875b6ec .av-special-heading-tag{\nfont-size:0.8em;\n}\n}\n<\/style>\n<div  class='av-special-heading av-qabvl-cda256a70dd38a66fd0b53e38875b6ec av-special-heading-h1 custom-color-heading blockquote modern-quote modern-centered  avia-builder-el-1  el_before_av_hr  avia-builder-el-first  av-inherit-size'><h1 class='av-special-heading-tag '  itemprop=\"headline\"  >Housing Applications<\/h1><div class=\"special-heading-border\"><div class=\"special-heading-inner-border\"><\/div><\/div><\/div>\n\n<style type=\"text\/css\" data-created_by=\"avia_inline_auto\" id=\"style-css-av-jpntd-7b2fdbb0ec3e625f1fed701da84dc25a\">\n#top .hr.av-jpntd-7b2fdbb0ec3e625f1fed701da84dc25a{\nmargin-top:30px;\nmargin-bottom:30px;\n}\n.hr.av-jpntd-7b2fdbb0ec3e625f1fed701da84dc25a .hr-inner{\nwidth:20%;\nborder-color:rgba(255,255,255,0.76);\nmax-width:45%;\n}\n.hr.av-jpntd-7b2fdbb0ec3e625f1fed701da84dc25a .av-seperator-icon{\ncolor:#ffffff;\n}\n.hr.av-jpntd-7b2fdbb0ec3e625f1fed701da84dc25a .av-seperator-icon.avia-svg-icon svg:first-child{\nfill:#ffffff;\nstroke:#ffffff;\n}\n<\/style>\n<div  class='hr av-jpntd-7b2fdbb0ec3e625f1fed701da84dc25a hr-custom  avia-builder-el-2  el_after_av_heading  avia-builder-el-last  hr-center hr-icon-yes'><span class='hr-inner inner-border-av-border-thin'><span class=\"hr-inner-style\"><\/span><\/span><span class='av-seperator-icon avia-iconfont avia-font-entypo-fontello' data-av_icon='\ue8bf' data-av_iconfont='entypo-fontello' ><\/span><span class='hr-inner inner-border-av-border-thin'><span class=\"hr-inner-style\"><\/span><\/span><\/div>\n<\/div><\/div><\/main><!-- close content main element --><\/div><\/div><\/div><div id='av_section_2'  class='avia-section av-hc875-7f8163e758615aa38ba501be668fdec5 alternate_color avia-section-default avia-no-border-styling  avia-builder-el-3  el_after_av_section  avia-builder-el-last  avia-bg-style-fixed container_wrap sidebar_right'  ><div class='container av-section-cont-open' ><div class='template-page content  av-content-small alpha units'><div class='post-entry post-entry-type-page post-entry-969'><div class='entry-content-wrapper clearfix'>\n<div class='flex_column_table av-47zd-053adbf297d0fcab5a5e673018959038 sc-av_one_full av-equal-height-column-flextable'>\n<style type=\"text\/css\" data-created_by=\"avia_inline_auto\" id=\"style-css-av-47zd-053adbf297d0fcab5a5e673018959038\">\n#top .flex_column_table.av-equal-height-column-flextable.av-47zd-053adbf297d0fcab5a5e673018959038{\nmargin-top:0px;\nmargin-bottom:0px;\n}\n.flex_column.av-47zd-053adbf297d0fcab5a5e673018959038{\nborder-radius:0px 0px 0px 0px;\npadding:30px 30px 30px 30px;\nbackground-color:#f0f0f0;\n}\n<\/style>\n<div  class='flex_column av-47zd-053adbf297d0fcab5a5e673018959038 av_one_full  avia-builder-el-4  avia-builder-el-no-sibling  first no_margin flex_column_table_cell av-equal-height-column av-align-top  '     ><section  class='av_textblock_section av-jsejtu33-2994e8facb947219dccdea7c16f7dc42 '   itemscope=\"itemscope\" itemtype=\"https:\/\/schema.org\/CreativeWork\" ><div class='avia_textblock'  itemprop=\"text\" ><p><strong><a href=\"http:\/\/www.sagacare.fi\/fi\/hae-asuntoa\" target=\"_blank\" rel=\"noopener noreferrer\">The housing applications for the Ruissalo Foundation Senior Residences are handled by Saga Care Finland. Go to applications page (In Finnish)\u00a0\u00bb<\/a><\/strong><\/p>\n<\/div><\/section><\/div><\/div><!--close column table wrapper. Autoclose: 1 --><\/div><\/div><\/div><!-- close content main div --><\/div><\/div><div id='after_section_2'  class='main_color av_default_container_wrap container_wrap sidebar_right'  ><div class='container av-section-cont-open' ><div class='template-page content  av-content-small alpha units'><div class='post-entry post-entry-type-page post-entry-969'><div class='entry-content-wrapper clearfix'>\n","protected":false},"excerpt":{"rendered":"","protected":false},"author":2,"featured_media":0,"parent":0,"menu_order":0,"comment_status":"closed","ping_status":"closed","template":"","meta":{"footnotes":""},"class_list":["post-969","page","type-page","status-publish","hentry"],"yoast_head":"<!-- This site is optimized with the Yoast SEO plugin v27.2 - https:\/\/yoast.com\/product\/yoast-seo-wordpress\/ -->\n<title>Housing Applications - Ruissalo S\u00e4\u00e4ti\u00f6<\/title>\n<meta name=\"robots\" content=\"index, follow, max-snippet:-1, max-image-preview:large, max-video-preview:-1\" \/>\n<link rel=\"canonical\" href=\"https:\/\/www.ruissalosaatio.fi\/en\/housing-applications\/\" \/>\n<meta property=\"og:locale\" content=\"en_US\" \/>\n<meta property=\"og:type\" content=\"article\" \/>\n<meta property=\"og:title\" content=\"Housing Applications - Ruissalo S\u00e4\u00e4ti\u00f6\" \/>\n<meta property=\"og:url\" content=\"https:\/\/www.ruissalosaatio.fi\/en\/housing-applications\/\" \/>\n<meta property=\"og:site_name\" content=\"Ruissalo S\u00e4\u00e4ti\u00f6\" \/>\n<meta property=\"article:modified_time\" content=\"2020-07-20T13:05:05+00:00\" \/>\n<meta name=\"twitter:card\" content=\"summary_large_image\" \/>\n<meta name=\"twitter:label1\" content=\"Est. reading time\" \/>\n\t<meta name=\"twitter:data1\" content=\"2 minutes\" \/>\n<script type=\"application\/ld+json\" class=\"yoast-schema-graph\">{\"@context\":\"https:\/\/schema.org\",\"@graph\":[{\"@type\":\"WebPage\",\"@id\":\"https:\/\/www.ruissalosaatio.fi\/en\/housing-applications\/\",\"url\":\"https:\/\/www.ruissalosaatio.fi\/en\/housing-applications\/\",\"name\":\"Housing Applications - Ruissalo S\u00e4\u00e4ti\u00f6\",\"isPartOf\":{\"@id\":\"https:\/\/www.ruissalosaatio.fi\/#website\"},\"datePublished\":\"2016-01-27T16:53:36+00:00\",\"dateModified\":\"2020-07-20T13:05:05+00:00\",\"breadcrumb\":{\"@id\":\"https:\/\/www.ruissalosaatio.fi\/en\/housing-applications\/#breadcrumb\"},\"inLanguage\":\"en-US\",\"potentialAction\":[{\"@type\":\"ReadAction\",\"target\":[\"https:\/\/www.ruissalosaatio.fi\/en\/housing-applications\/\"]}]},{\"@type\":\"BreadcrumbList\",\"@id\":\"https:\/\/www.ruissalosaatio.fi\/en\/housing-applications\/#breadcrumb\",\"itemListElement\":[{\"@type\":\"ListItem\",\"position\":1,\"name\":\"Etusivu\",\"item\":\"https:\/\/www.ruissalosaatio.fi\/en\/\"},{\"@type\":\"ListItem\",\"position\":2,\"name\":\"Housing Applications\"}]},{\"@type\":\"WebSite\",\"@id\":\"https:\/\/www.ruissalosaatio.fi\/#website\",\"url\":\"https:\/\/www.ruissalosaatio.fi\/\",\"name\":\"Ruissalo S\u00e4\u00e4ti\u00f6\",\"description\":\"Saga Seniorikeskukset\",\"publisher\":{\"@id\":\"https:\/\/www.ruissalosaatio.fi\/#organization\"},\"potentialAction\":[{\"@type\":\"SearchAction\",\"target\":{\"@type\":\"EntryPoint\",\"urlTemplate\":\"https:\/\/www.ruissalosaatio.fi\/?s={search_term_string}\"},\"query-input\":{\"@type\":\"PropertyValueSpecification\",\"valueRequired\":true,\"valueName\":\"search_term_string\"}}],\"inLanguage\":\"en-US\"},{\"@type\":\"Organization\",\"@id\":\"https:\/\/www.ruissalosaatio.fi\/#organization\",\"name\":\"Ruissalo S\u00e4\u00e4ti\u00f6\",\"url\":\"https:\/\/www.ruissalosaatio.fi\/\",\"logo\":{\"@type\":\"ImageObject\",\"inLanguage\":\"en-US\",\"@id\":\"https:\/\/www.ruissalosaatio.fi\/#\/schema\/logo\/image\/\",\"url\":\"https:\/\/www.ruissalosaatio.fi\/wp-content\/uploads\/2016\/02\/rs_logo.png\",\"contentUrl\":\"https:\/\/www.ruissalosaatio.fi\/wp-content\/uploads\/2016\/02\/rs_logo.png\",\"width\":353,\"height\":156,\"caption\":\"Ruissalo S\u00e4\u00e4ti\u00f6\"},\"image\":{\"@id\":\"https:\/\/www.ruissalosaatio.fi\/#\/schema\/logo\/image\/\"}}]}<\/script>\n<!-- \/ Yoast SEO plugin. -->","yoast_head_json":{"title":"Housing Applications - Ruissalo S\u00e4\u00e4ti\u00f6","robots":{"index":"index","follow":"follow","max-snippet":"max-snippet:-1","max-image-preview":"max-image-preview:large","max-video-preview":"max-video-preview:-1"},"canonical":"https:\/\/www.ruissalosaatio.fi\/en\/housing-applications\/","og_locale":"en_US","og_type":"article","og_title":"Housing Applications - Ruissalo S\u00e4\u00e4ti\u00f6","og_url":"https:\/\/www.ruissalosaatio.fi\/en\/housing-applications\/","og_site_name":"Ruissalo S\u00e4\u00e4ti\u00f6","article_modified_time":"2020-07-20T13:05:05+00:00","twitter_card":"summary_large_image","twitter_misc":{"Est. reading time":"2 minutes"},"schema":{"@context":"https:\/\/schema.org","@graph":[{"@type":"WebPage","@id":"https:\/\/www.ruissalosaatio.fi\/en\/housing-applications\/","url":"https:\/\/www.ruissalosaatio.fi\/en\/housing-applications\/","name":"Housing Applications - Ruissalo S\u00e4\u00e4ti\u00f6","isPartOf":{"@id":"https:\/\/www.ruissalosaatio.fi\/#website"},"datePublished":"2016-01-27T16:53:36+00:00","dateModified":"2020-07-20T13:05:05+00:00","breadcrumb":{"@id":"https:\/\/www.ruissalosaatio.fi\/en\/housing-applications\/#breadcrumb"},"inLanguage":"en-US","potentialAction":[{"@type":"ReadAction","target":["https:\/\/www.ruissalosaatio.fi\/en\/housing-applications\/"]}]},{"@type":"BreadcrumbList","@id":"https:\/\/www.ruissalosaatio.fi\/en\/housing-applications\/#breadcrumb","itemListElement":[{"@type":"ListItem","position":1,"name":"Etusivu","item":"https:\/\/www.ruissalosaatio.fi\/en\/"},{"@type":"ListItem","position":2,"name":"Housing Applications"}]},{"@type":"WebSite","@id":"https:\/\/www.ruissalosaatio.fi\/#website","url":"https:\/\/www.ruissalosaatio.fi\/","name":"Ruissalo S\u00e4\u00e4ti\u00f6","description":"Saga Seniorikeskukset","publisher":{"@id":"https:\/\/www.ruissalosaatio.fi\/#organization"},"potentialAction":[{"@type":"SearchAction","target":{"@type":"EntryPoint","urlTemplate":"https:\/\/www.ruissalosaatio.fi\/?s={search_term_string}"},"query-input":{"@type":"PropertyValueSpecification","valueRequired":true,"valueName":"search_term_string"}}],"inLanguage":"en-US"},{"@type":"Organization","@id":"https:\/\/www.ruissalosaatio.fi\/#organization","name":"Ruissalo S\u00e4\u00e4ti\u00f6","url":"https:\/\/www.ruissalosaatio.fi\/","logo":{"@type":"ImageObject","inLanguage":"en-US","@id":"https:\/\/www.ruissalosaatio.fi\/#\/schema\/logo\/image\/","url":"https:\/\/www.ruissalosaatio.fi\/wp-content\/uploads\/2016\/02\/rs_logo.png","contentUrl":"https:\/\/www.ruissalosaatio.fi\/wp-content\/uploads\/2016\/02\/rs_logo.png","width":353,"height":156,"caption":"Ruissalo S\u00e4\u00e4ti\u00f6"},"image":{"@id":"https:\/\/www.ruissalosaatio.fi\/#\/schema\/logo\/image\/"}}]}},"_links":{"self":[{"href":"https:\/\/www.ruissalosaatio.fi\/en\/wp-json\/wp\/v2\/pages\/969","targetHints":{"allow":["GET"]}}],"collection":[{"href":"https:\/\/www.ruissalosaatio.fi\/en\/wp-json\/wp\/v2\/pages"}],"about":[{"href":"https:\/\/www.ruissalosaatio.fi\/en\/wp-json\/wp\/v2\/types\/page"}],"author":[{"embeddable":true,"href":"https:\/\/www.ruissalosaatio.fi\/en\/wp-json\/wp\/v2\/users\/2"}],"replies":[{"embeddable":true,"href":"https:\/\/www.ruissalosaatio.fi\/en\/wp-json\/wp\/v2\/comments?post=969"}],"version-history":[{"count":3,"href":"https:\/\/www.ruissalosaatio.fi\/en\/wp-json\/wp\/v2\/pages\/969\/revisions"}],"predecessor-version":[{"id":1581,"href":"https:\/\/www.ruissalosaatio.fi\/en\/wp-json\/wp\/v2\/pages\/969\/revisions\/1581"}],"wp:attachment":[{"href":"https:\/\/www.ruissalosaatio.fi\/en\/wp-json\/wp\/v2\/media?parent=969"}],"curies":[{"name":"wp","href":"https:\/\/api.w.org\/{rel}","templated":true}]}}